{"id":12,"date":"2012-02-01T10:22:54","date_gmt":"2012-02-01T10:22:54","guid":{"rendered":"http:\/\/www.hotelimperial.it\/?page_id=12"},"modified":"2018-03-27T16:29:08","modified_gmt":"2018-03-27T16:29:08","slug":"strand","status":"publish","type":"page","link":"https:\/\/www.hotelimperial.it\/de\/strand","title":{"rendered":"STRAND"},"content":{"rendered":"<p>Das Imperial Hotel f\u00fchrt direkt seine eigene Badeanstalt, Imperial Beach, die 150 m. vom Hotel liegt.<br \/>\nDer hoteleigene Strand ist der perfekte Ort, um Ihren Urlaub am Meer zu verbringen: mit seinen feinen wei\u00dfen Sand, mit sehr flaches Wasser das auch f\u00fcr kleine Kinder ideal zum Baden ist, die Bar der Anlage, die t\u00e4glich ab 7:30 ge\u00f6ffnet ist.<\/p>\n<p>Das Hotel bietet den G\u00e4sten mit Voll-oder Halbpension kostenlos einen Sonnenschirm und zwei Liegest\u00fchle f\u00fcr jedes Zimmer, mit der M\u00f6glichkeit Liegebetten zu einen Preis von 5,00 \u20ac pro Tag.<\/p>\n<ul>\n<li>Das Imperial Hotel f\u00fchrt direkt seine eigene Badeanstalt;<\/li>\n<li>Das Imperial Beach liegt m. 150 Hotel vom Hotel;<\/li>\n<li>Wei\u00df und sehr feiner Sand, sehr flachem Wasser f\u00fcr Kinder geeignet;<\/li>\n<li>Im Preis sind ein Sonnenschirm, 1 Liegebett und 1 Liegestuhl f\u00fcr jedes Zimmer inbegriffen.<\/li>\n<\/ul>\n<p>&nbsp;<\/p>\n<p style=\"text-align: center\"><a href=\"https:\/\/www.hotelimperial.it\/de\/imperial-beach\"><img loading=\"lazy\" decoding=\"async\" class=\"aligncenter size-thumbnail wp-image-454\" src=\"https:\/\/www.hotelimperial.it\/wp-content\/themes\/imperial\/images\/Imperial_beach_logo4.jpg\" alt=\"\" width=\"150\" height=\"150\" \/><\/a><\/p>\n","protected":false},"excerpt":{"rendered":"<p>Das Imperial Hotel f\u00fchrt direkt seine eigene Badeanstalt, Imperial Beach, die 150 m. vom Hotel liegt. Der hoteleigene Strand ist der perfekte Ort, um Ihren Urlaub am Meer zu verbringen: mit seinen feinen wei\u00dfen Sand, mit sehr flaches Wasser das auch f\u00fcr kleine Kinder ideal zum Baden ist, die Bar der Anlage, die t\u00e4glich ab [&hellip;]<\/p>\n","protected":false},"author":1,"featured_media":0,"parent":0,"menu_order":0,"comment_status":"open","ping_status":"closed","template":"","meta":{"_acf_changed":false,"footnotes":""},"class_list":["post-12","page","type-page","status-publish","hentry"],"acf":[],"aioseo_notices":[],"_links":{"self":[{"href":"https:\/\/www.hotelimperial.it\/de\/wp-json\/wp\/v2\/pages\/12","targetHints":{"allow":["GET"]}}],"collection":[{"href":"https:\/\/www.hotelimperial.it\/de\/wp-json\/wp\/v2\/pages"}],"about":[{"href":"https:\/\/www.hotelimperial.it\/de\/wp-json\/wp\/v2\/types\/page"}],"author":[{"embeddable":true,"href":"https:\/\/www.hotelimperial.it\/de\/wp-json\/wp\/v2\/users\/1"}],"replies":[{"embeddable":true,"href":"https:\/\/www.hotelimperial.it\/de\/wp-json\/wp\/v2\/comments?post=12"}],"version-history":[{"count":11,"href":"https:\/\/www.hotelimperial.it\/de\/wp-json\/wp\/v2\/pages\/12\/revisions"}],"predecessor-version":[{"id":566,"href":"https:\/\/www.hotelimperial.it\/de\/wp-json\/wp\/v2\/pages\/12\/revisions\/566"}],"wp:attachment":[{"href":"https:\/\/www.hotelimperial.it\/de\/wp-json\/wp\/v2\/media?parent=12"}],"curies":[{"name":"wp","href":"https:\/\/api.w.org\/{rel}","templated":true}]}}