{"id":16,"date":"2012-02-01T10:23:27","date_gmt":"2012-02-01T10:23:27","guid":{"rendered":"http:\/\/www.hotelimperial.it\/?page_id=16"},"modified":"2022-04-28T11:13:26","modified_gmt":"2022-04-28T11:13:26","slug":"services","status":"publish","type":"page","link":"https:\/\/www.hotelimperial.it\/de\/services","title":{"rendered":"SERVICES"},"content":{"rendered":"<p>Das Imperial Hotel verf\u00fcgt \u00fcber viele Dienstleistungen und Zusatzeinrichtungen, um seinen G\u00e4sten einen perfekten Aufenthalt und Entspannung zu gew\u00e4hrleisten:<\/p>\n<p><strong>Inklusive Services<\/strong><\/p>\n<ul>\n<li>American Bar<\/li>\n<li>Spielraum mit Tischtennis und Tischfu\u00dfball<\/li>\n<li>Kinderspielplatz im Garten<\/li>\n<li>Schwimmbad (H. 125 cm.) Mit Pool f\u00fcr Kleinkinder (H. 0 bis max. 50 cm)<\/li>\n<li>Kostenloser Parkplatz<\/li>\n<li>Kleine Turnhalle mit Fitness-Ger\u00e4ten<\/li>\n<li>WI-FI im ganzen Hotel<\/li>\n<li>Zeitung in der Empfangshalle<\/li>\n<li>Fahrradverleih (erste 2 Stunden kostenlos)<\/li>\n<\/ul>\n<p>&nbsp;<\/p>\n<p><strong>Kostenpflichtige Dienste nicht im Pensionspreis enthalten<\/strong><\/p>\n<ul>\n<li>Finnische Sauna<\/li>\n<li>Zimmerservice<\/li>\n<li>Strandt\u00fccher auf Anfrage<\/li>\n<li>Bademantel<\/li>\n<\/ul>\n","protected":false},"excerpt":{"rendered":"<p>Das Imperial Hotel verf\u00fcgt \u00fcber viele Dienstleistungen und Zusatzeinrichtungen, um seinen G\u00e4sten einen perfekten Aufenthalt und Entspannung zu gew\u00e4hrleisten: Inklusive Services American Bar Spielraum mit Tischtennis und Tischfu\u00dfball Kinderspielplatz im Garten Schwimmbad (H. 125 cm.) Mit Pool f\u00fcr Kleinkinder (H. 0 bis max. 50 cm) Kostenloser Parkplatz Kleine Turnhalle mit Fitness-Ger\u00e4ten WI-FI im ganzen Hotel [&hellip;]<\/p>\n","protected":false},"author":1,"featured_media":109,"parent":0,"menu_order":0,"comment_status":"open","ping_status":"closed","template":"","meta":{"_acf_changed":false,"footnotes":""},"class_list":["post-16","page","type-page","status-publish","has-post-thumbnail","hentry"],"acf":[],"aioseo_notices":[],"_links":{"self":[{"href":"https:\/\/www.hotelimperial.it\/de\/wp-json\/wp\/v2\/pages\/16","targetHints":{"allow":["GET"]}}],"collection":[{"href":"https:\/\/www.hotelimperial.it\/de\/wp-json\/wp\/v2\/pages"}],"about":[{"href":"https:\/\/www.hotelimperial.it\/de\/wp-json\/wp\/v2\/types\/page"}],"author":[{"embeddable":true,"href":"https:\/\/www.hotelimperial.it\/de\/wp-json\/wp\/v2\/users\/1"}],"replies":[{"embeddable":true,"href":"https:\/\/www.hotelimperial.it\/de\/wp-json\/wp\/v2\/comments?post=16"}],"version-history":[{"count":12,"href":"https:\/\/www.hotelimperial.it\/de\/wp-json\/wp\/v2\/pages\/16\/revisions"}],"predecessor-version":[{"id":671,"href":"https:\/\/www.hotelimperial.it\/de\/wp-json\/wp\/v2\/pages\/16\/revisions\/671"}],"wp:featuredmedia":[{"embeddable":true,"href":"https:\/\/www.hotelimperial.it\/de\/wp-json\/wp\/v2\/media\/109"}],"wp:attachment":[{"href":"https:\/\/www.hotelimperial.it\/de\/wp-json\/wp\/v2\/media?parent=16"}],"curies":[{"name":"wp","href":"https:\/\/api.w.org\/{rel}","templated":true}]}}