{"id":2799,"date":"2026-02-09T15:22:32","date_gmt":"2026-02-09T14:22:32","guid":{"rendered":"https:\/\/www.hotelimperial.it\/restaurant\/"},"modified":"2026-04-20T16:12:29","modified_gmt":"2026-04-20T14:12:29","slug":"restaurant","status":"publish","type":"page","link":"https:\/\/www.hotelimperial.it\/de\/restaurant\/","title":{"rendered":"Restaurant"},"content":{"rendered":"\t\t<div data-elementor-type=\"wp-page\" data-elementor-id=\"2799\" class=\"elementor elementor-2799 elementor-511\" data-elementor-post-type=\"page\">\n\t\t\t\t<div class=\"elementor-element elementor-element-19f697b e-flex e-con-boxed e-con e-parent\" data-id=\"19f697b\" data-element_type=\"container\" data-e-type=\"container\" data-settings=\"{&quot;background_background&quot;:&quot;classic&quot;}\">\n\t\t\t\t\t<div class=\"e-con-inner\">\n\t\t\t\t<div class=\"elementor-element elementor-element-3bbab11 elementor-widget elementor-widget-heading\" data-id=\"3bbab11\" data-element_type=\"widget\" data-e-type=\"widget\" data-widget_type=\"heading.default\">\n\t\t\t\t\t<h1 class=\"elementor-heading-title elementor-size-default\">Food Experience<\/h1>\t\t\t\t<\/div>\n\t\t\t\t<div class=\"elementor-element elementor-element-4c2ef59 elementor-widget elementor-widget-heading\" data-id=\"4c2ef59\" data-element_type=\"widget\" data-e-type=\"widget\" data-widget_type=\"heading.default\">\n\t\t\t\t\t<h2 class=\"elementor-heading-title elementor-size-default\">Authentizit\u00e4t und Frische \u2013 jeden Tag auf dem Tisch<\/h2>\t\t\t\t<\/div>\n\t\t\t\t\t<\/div>\n\t\t\t\t<\/div>\n\t\t<div class=\"elementor-element elementor-element-403e044 e-flex e-con-boxed e-con e-parent\" data-id=\"403e044\" data-element_type=\"container\" data-e-type=\"container\">\n\t\t\t\t\t<div class=\"e-con-inner\">\n\t\t<div class=\"elementor-element elementor-element-c8a5921 e-con-full e-flex e-con e-child\" data-id=\"c8a5921\" data-element_type=\"container\" data-e-type=\"container\">\n\t\t\t\t<div class=\"elementor-element elementor-element-1e8dbd3 elementor-widget elementor-widget-heading\" data-id=\"1e8dbd3\" data-element_type=\"widget\" data-e-type=\"widget\" data-widget_type=\"heading.default\">\n\t\t\t\t\t<h2 class=\"elementor-heading-title elementor-size-default\">Unser Restaurant... in den Jahreszeiten<\/h2>\t\t\t\t<\/div>\n\t\t\t\t<div class=\"elementor-element elementor-element-2acd07d elementor-widget__width-initial elementor-widget elementor-widget-text-editor\" data-id=\"2acd07d\" data-element_type=\"widget\" data-e-type=\"widget\" data-widget_type=\"text-editor.default\">\n\t\t\t\t\t\t\t\t\t<div>\n<div>\n<p>Das gastronomische Angebot des Hotel Imperial folgt dem Rhythmus der Jahreszeiten und passt sich elegant den unterschiedlichen Stimmungen des Jahres an.<\/p>\n<\/div>\n<div>\n<p>Von Mai bis September, im Sommer, empf\u00e4ngt das Restaurant seine G\u00e4ste mit Halb- oder Vollpension und bietet Mittag- und Abendessen in einem raffinierten und geselligen Ambiente mit reichhaltigen und harmonisch komponierten Gerichten unseres K\u00fcchenchefs.<\/p>\n<\/div>\n<div>\n<p>In den Monaten M\u00e4rz, April und Mai ist das Restaurant mit \u00c0-la-carte-Service ge\u00f6ffnet und bietet so ein intimeres und individuelleres Erlebnis. Jedes Gericht wird frisch zubereitet und durch eine sorgf\u00e4ltige Auswahl an Zutaten und Kombinationen verfeinert.<\/p>\n<\/div>\n<div>\n<p>In jeder Jahreszeit verfolgt unsere K\u00fcche dasselbe Ziel: ein raffiniertes und best\u00e4ndiges Geschmackserlebnis zu bieten, das der Gastfreundschaft des Hotel Imperial stets gerecht wird.<\/p>\n<\/div>\n<\/div>\n\t\t\t\t\t\t\t\t<\/div>\n\t\t\t\t<\/div>\n\t\t\t\t\t<\/div>\n\t\t\t\t<\/div>\n\t\t<div class=\"elementor-element elementor-element-ce1f88e e-con-full e-flex e-con e-parent\" data-id=\"ce1f88e\" data-element_type=\"container\" data-e-type=\"container\">\n\t\t<div class=\"elementor-element elementor-element-6c298c2 e-con-full e-flex e-con e-child\" data-id=\"6c298c2\" data-element_type=\"container\" data-e-type=\"container\" data-settings=\"{&quot;background_background&quot;:&quot;slideshow&quot;,&quot;background_slideshow_gallery&quot;:[{&quot;id&quot;:2781,&quot;url&quot;:&quot;https:\\\/\\\/www.hotelimperial.it\\\/wp-content\\\/uploads\\\/2026\\\/02\\\/Colazione1.jpg&quot;},{&quot;id&quot;:2782,&quot;url&quot;:&quot;https:\\\/\\\/www.hotelimperial.it\\\/wp-content\\\/uploads\\\/2026\\\/02\\\/Colazione21.jpg&quot;},{&quot;id&quot;:2729,&quot;url&quot;:&quot;https:\\\/\\\/www.hotelimperial.it\\\/wp-content\\\/uploads\\\/2026\\\/02\\\/Colazione10.jpg&quot;},{&quot;id&quot;:2783,&quot;url&quot;:&quot;https:\\\/\\\/www.hotelimperial.it\\\/wp-content\\\/uploads\\\/2026\\\/02\\\/Colazione24.jpg&quot;},{&quot;id&quot;:2739,&quot;url&quot;:&quot;https:\\\/\\\/www.hotelimperial.it\\\/wp-content\\\/uploads\\\/2026\\\/02\\\/Colazione31.jpg&quot;},{&quot;id&quot;:2744,&quot;url&quot;:&quot;https:\\\/\\\/www.hotelimperial.it\\\/wp-content\\\/uploads\\\/2026\\\/02\\\/Colazione48.jpg&quot;},{&quot;id&quot;:2784,&quot;url&quot;:&quot;https:\\\/\\\/www.hotelimperial.it\\\/wp-content\\\/uploads\\\/2026\\\/02\\\/Colazione49.jpg&quot;},{&quot;id&quot;:2745,&quot;url&quot;:&quot;https:\\\/\\\/www.hotelimperial.it\\\/wp-content\\\/uploads\\\/2026\\\/02\\\/Colazione50.jpg&quot;},{&quot;id&quot;:2785,&quot;url&quot;:&quot;https:\\\/\\\/www.hotelimperial.it\\\/wp-content\\\/uploads\\\/2026\\\/02\\\/Colazione14.jpg&quot;},{&quot;id&quot;:2786,&quot;url&quot;:&quot;https:\\\/\\\/www.hotelimperial.it\\\/wp-content\\\/uploads\\\/2026\\\/02\\\/Colazione15.jpg&quot;},{&quot;id&quot;:2787,&quot;url&quot;:&quot;https:\\\/\\\/www.hotelimperial.it\\\/wp-content\\\/uploads\\\/2026\\\/02\\\/Colazione17.jpg&quot;},{&quot;id&quot;:2788,&quot;url&quot;:&quot;https:\\\/\\\/www.hotelimperial.it\\\/wp-content\\\/uploads\\\/2026\\\/02\\\/Colazione37.jpg&quot;},{&quot;id&quot;:2789,&quot;url&quot;:&quot;https:\\\/\\\/www.hotelimperial.it\\\/wp-content\\\/uploads\\\/2026\\\/02\\\/Ambienti_giorno7.jpg&quot;}],&quot;background_slideshow_loop&quot;:&quot;yes&quot;,&quot;background_slideshow_slide_duration&quot;:5000,&quot;background_slideshow_slide_transition&quot;:&quot;fade&quot;,&quot;background_slideshow_transition_duration&quot;:500}\">\n\t\t\t\t<\/div>\n\t\t<div class=\"elementor-element elementor-element-84e1df5 e-con-full e-flex e-con e-child\" data-id=\"84e1df5\" data-element_type=\"container\" data-e-type=\"container\">\n\t\t\t\t<div class=\"elementor-element elementor-element-2e9f72d elementor-widget elementor-widget-rating\" data-id=\"2e9f72d\" data-element_type=\"widget\" data-e-type=\"widget\" data-widget_type=\"rating.default\">\n\t\t\t\t\t\t\t<div class=\"e-rating\" itemtype=\"https:\/\/schema.org\/Rating\" itemscope=\"\" itemprop=\"reviewRating\">\n\t\t\t<meta itemprop=\"worstRating\" content=\"0\">\n\t\t\t<meta itemprop=\"bestRating\" content=\"4\">\n\t\t\t<div class=\"e-rating-wrapper\" itemprop=\"ratingValue\" content=\"4\" role=\"img\" aria-label=\"Bewertet mit 4 von 4\">\n\t\t\t\t\t\t\t<div class=\"e-icon\">\n\t\t\t\t<div class=\"e-icon-wrapper e-icon-marked\">\n\t\t\t\t\t<svg aria-hidden=\"true\" class=\"e-font-icon-svg e-eicon-star\" viewBox=\"0 0 1000 1000\" xmlns=\"http:\/\/www.w3.org\/2000\/svg\"><path d=\"M450 75L338 312 88 350C46 354 25 417 58 450L238 633 196 896C188 942 238 975 275 954L500 837 725 954C767 975 813 942 804 896L763 633 942 450C975 417 954 358 913 350L663 312 550 75C529 33 471 33 450 75Z\"><\/path><\/svg>\t\t\t\t<\/div>\n\t\t\t\t<div class=\"e-icon-wrapper e-icon-unmarked\">\n\t\t\t\t\t<svg aria-hidden=\"true\" class=\"e-font-icon-svg e-eicon-star\" viewBox=\"0 0 1000 1000\" xmlns=\"http:\/\/www.w3.org\/2000\/svg\"><path d=\"M450 75L338 312 88 350C46 354 25 417 58 450L238 633 196 896C188 942 238 975 275 954L500 837 725 954C767 975 813 942 804 896L763 633 942 450C975 417 954 358 913 350L663 312 550 75C529 33 471 33 450 75Z\"><\/path><\/svg>\t\t\t\t<\/div>\n\t\t\t<\/div>\n\t\t\t\t\t\t<div class=\"e-icon\">\n\t\t\t\t<div class=\"e-icon-wrapper e-icon-marked\">\n\t\t\t\t\t<svg aria-hidden=\"true\" class=\"e-font-icon-svg e-eicon-star\" viewBox=\"0 0 1000 1000\" xmlns=\"http:\/\/www.w3.org\/2000\/svg\"><path d=\"M450 75L338 312 88 350C46 354 25 417 58 450L238 633 196 896C188 942 238 975 275 954L500 837 725 954C767 975 813 942 804 896L763 633 942 450C975 417 954 358 913 350L663 312 550 75C529 33 471 33 450 75Z\"><\/path><\/svg>\t\t\t\t<\/div>\n\t\t\t\t<div class=\"e-icon-wrapper e-icon-unmarked\">\n\t\t\t\t\t<svg aria-hidden=\"true\" class=\"e-font-icon-svg e-eicon-star\" viewBox=\"0 0 1000 1000\" xmlns=\"http:\/\/www.w3.org\/2000\/svg\"><path d=\"M450 75L338 312 88 350C46 354 25 417 58 450L238 633 196 896C188 942 238 975 275 954L500 837 725 954C767 975 813 942 804 896L763 633 942 450C975 417 954 358 913 350L663 312 550 75C529 33 471 33 450 75Z\"><\/path><\/svg>\t\t\t\t<\/div>\n\t\t\t<\/div>\n\t\t\t\t\t\t<div class=\"e-icon\">\n\t\t\t\t<div class=\"e-icon-wrapper e-icon-marked\">\n\t\t\t\t\t<svg aria-hidden=\"true\" class=\"e-font-icon-svg e-eicon-star\" viewBox=\"0 0 1000 1000\" xmlns=\"http:\/\/www.w3.org\/2000\/svg\"><path d=\"M450 75L338 312 88 350C46 354 25 417 58 450L238 633 196 896C188 942 238 975 275 954L500 837 725 954C767 975 813 942 804 896L763 633 942 450C975 417 954 358 913 350L663 312 550 75C529 33 471 33 450 75Z\"><\/path><\/svg>\t\t\t\t<\/div>\n\t\t\t\t<div class=\"e-icon-wrapper e-icon-unmarked\">\n\t\t\t\t\t<svg aria-hidden=\"true\" class=\"e-font-icon-svg e-eicon-star\" viewBox=\"0 0 1000 1000\" xmlns=\"http:\/\/www.w3.org\/2000\/svg\"><path d=\"M450 75L338 312 88 350C46 354 25 417 58 450L238 633 196 896C188 942 238 975 275 954L500 837 725 954C767 975 813 942 804 896L763 633 942 450C975 417 954 358 913 350L663 312 550 75C529 33 471 33 450 75Z\"><\/path><\/svg>\t\t\t\t<\/div>\n\t\t\t<\/div>\n\t\t\t\t\t\t<div class=\"e-icon\">\n\t\t\t\t<div class=\"e-icon-wrapper e-icon-marked\">\n\t\t\t\t\t<svg aria-hidden=\"true\" class=\"e-font-icon-svg e-eicon-star\" viewBox=\"0 0 1000 1000\" xmlns=\"http:\/\/www.w3.org\/2000\/svg\"><path d=\"M450 75L338 312 88 350C46 354 25 417 58 450L238 633 196 896C188 942 238 975 275 954L500 837 725 954C767 975 813 942 804 896L763 633 942 450C975 417 954 358 913 350L663 312 550 75C529 33 471 33 450 75Z\"><\/path><\/svg>\t\t\t\t<\/div>\n\t\t\t\t<div class=\"e-icon-wrapper e-icon-unmarked\">\n\t\t\t\t\t<svg aria-hidden=\"true\" class=\"e-font-icon-svg e-eicon-star\" viewBox=\"0 0 1000 1000\" xmlns=\"http:\/\/www.w3.org\/2000\/svg\"><path d=\"M450 75L338 312 88 350C46 354 25 417 58 450L238 633 196 896C188 942 238 975 275 954L500 837 725 954C767 975 813 942 804 896L763 633 942 450C975 417 954 358 913 350L663 312 550 75C529 33 471 33 450 75Z\"><\/path><\/svg>\t\t\t\t<\/div>\n\t\t\t<\/div>\n\t\t\t\t\t\t<\/div>\n\t\t<\/div>\n\t\t\t\t\t\t<\/div>\n\t\t\t\t<div class=\"elementor-element elementor-element-c008cc9 elementor-widget elementor-widget-heading\" data-id=\"c008cc9\" data-element_type=\"widget\" data-e-type=\"widget\" data-widget_type=\"heading.default\">\n\t\t\t\t\t<h2 class=\"elementor-heading-title elementor-size-default\">Signature Breakfast by Hotel Imperial<\/h2>\t\t\t\t<\/div>\n\t\t\t\t<div class=\"elementor-element elementor-element-2a64b2b elementor-widget__width-initial elementor-widget elementor-widget-text-editor\" data-id=\"2a64b2b\" data-element_type=\"widget\" data-e-type=\"widget\" data-widget_type=\"text-editor.default\">\n\t\t\t\t\t\t\t\t\t<div>\n<p>Der Lieblings-Guten-Morgen-Gru\u00df unserer G\u00e4ste.<\/p>\n<div>\n<p>Jeden Morgen begr\u00fc\u00dfen wir Sie mit einem reichhaltigen s\u00fc\u00dfen und herzhaften Buffet, zubereitet mit frischen, ausgew\u00e4hlten Produkten, regionalen Spezialit\u00e4ten und hausgemachten K\u00f6stlichkeiten.<\/p>\n<\/div>\n<div>\n<p>Vom Duft frisch gebackenen Geb\u00e4cks bis hin zu herzhaften Speisen, von frischem Obst bis hin zu Optionen f\u00fcr unterschiedliche Ern\u00e4hrungsbed\u00fcrfnisse \u2013 unser Fr\u00fchst\u00fcck ist darauf ausgerichtet, Ihnen einen genussvollen und energiegeladenen Start in den Tag zu erm\u00f6glichen.<\/p>\n<\/div>\n<div>\n<p>An sch\u00f6nen Sommertagen wird das Erlebnis noch besonderer: Genie\u00dfen Sie Ihr Fr\u00fchst\u00fcck am Pool, umgeben vom Morgenlicht und einer angenehmen Urlaubsatmosph\u00e4re.<\/p>\n<\/div>\n<div>\n<p>Ein mit Liebe zum Detail gestalteter Moment in einem hellen und entspannenden Ambiente, der \u00fcber die Jahre die Herzen und das Lob unserer G\u00e4ste erobert hat.<\/p>\n<\/div>\n<div>\n<p>Im Hotel Imperial ist ein guter Morgen schon ein kleiner Urlaub.<\/p>\n<\/div>\n<\/div>\n\t\t\t\t\t\t\t\t<\/div>\n\t\t\t\t<\/div>\n\t\t\t\t<\/div>\n\t\t<div class=\"elementor-element elementor-element-55932dd e-con-full e-flex e-con e-parent\" data-id=\"55932dd\" data-element_type=\"container\" data-e-type=\"container\">\n\t\t<div class=\"elementor-element elementor-element-9849d5a e-con-full e-flex e-con e-child\" data-id=\"9849d5a\" data-element_type=\"container\" data-e-type=\"container\" data-settings=\"{&quot;background_background&quot;:&quot;slideshow&quot;,&quot;background_slideshow_gallery&quot;:[{&quot;id&quot;:2652,&quot;url&quot;:&quot;https:\\\/\\\/www.hotelimperial.it\\\/wp-content\\\/uploads\\\/2026\\\/02\\\/Ristorante27.jpg&quot;},{&quot;id&quot;:2790,&quot;url&quot;:&quot;https:\\\/\\\/www.hotelimperial.it\\\/wp-content\\\/uploads\\\/2026\\\/02\\\/Ristorante3.jpg&quot;},{&quot;id&quot;:2791,&quot;url&quot;:&quot;https:\\\/\\\/www.hotelimperial.it\\\/wp-content\\\/uploads\\\/2026\\\/02\\\/Ristorante12.jpg&quot;},{&quot;id&quot;:2691,&quot;url&quot;:&quot;https:\\\/\\\/www.hotelimperial.it\\\/wp-content\\\/uploads\\\/2026\\\/02\\\/Ristorante15.jpg&quot;},{&quot;id&quot;:2792,&quot;url&quot;:&quot;https:\\\/\\\/www.hotelimperial.it\\\/wp-content\\\/uploads\\\/2026\\\/02\\\/Ristorante26.jpg&quot;},{&quot;id&quot;:2793,&quot;url&quot;:&quot;https:\\\/\\\/www.hotelimperial.it\\\/wp-content\\\/uploads\\\/2026\\\/02\\\/Ristorante29.jpg&quot;},{&quot;id&quot;:2686,&quot;url&quot;:&quot;https:\\\/\\\/www.hotelimperial.it\\\/wp-content\\\/uploads\\\/2026\\\/02\\\/ristorante-imperial-7.jpg&quot;},{&quot;id&quot;:2794,&quot;url&quot;:&quot;https:\\\/\\\/www.hotelimperial.it\\\/wp-content\\\/uploads\\\/2026\\\/02\\\/Ristorante25.jpg&quot;},{&quot;id&quot;:2795,&quot;url&quot;:&quot;https:\\\/\\\/www.hotelimperial.it\\\/wp-content\\\/uploads\\\/2026\\\/02\\\/Ristorante14.jpg&quot;},{&quot;id&quot;:2796,&quot;url&quot;:&quot;https:\\\/\\\/www.hotelimperial.it\\\/wp-content\\\/uploads\\\/2026\\\/02\\\/Ristorante39.jpg&quot;},{&quot;id&quot;:2797,&quot;url&quot;:&quot;https:\\\/\\\/www.hotelimperial.it\\\/wp-content\\\/uploads\\\/2026\\\/02\\\/Ristorante24.jpg&quot;},{&quot;id&quot;:2798,&quot;url&quot;:&quot;https:\\\/\\\/www.hotelimperial.it\\\/wp-content\\\/uploads\\\/2026\\\/02\\\/Ristorante33.jpg&quot;}],&quot;background_slideshow_loop&quot;:&quot;yes&quot;,&quot;background_slideshow_slide_duration&quot;:5000,&quot;background_slideshow_slide_transition&quot;:&quot;fade&quot;,&quot;background_slideshow_transition_duration&quot;:500}\">\n\t\t\t\t<\/div>\n\t\t<div class=\"elementor-element elementor-element-845fec7 e-con-full e-flex e-con e-child\" data-id=\"845fec7\" data-element_type=\"container\" data-e-type=\"container\">\n\t\t\t\t<div class=\"elementor-element elementor-element-b086ea6 elementor-widget elementor-widget-heading\" data-id=\"b086ea6\" data-element_type=\"widget\" data-e-type=\"widget\" data-widget_type=\"heading.default\">\n\t\t\t\t\t<h2 class=\"elementor-heading-title elementor-size-default\">Mittag- und Abendessen<\/h2>\t\t\t\t<\/div>\n\t\t\t\t<div class=\"elementor-element elementor-element-cafc444 elementor-widget__width-initial elementor-widget elementor-widget-text-editor\" data-id=\"cafc444\" data-element_type=\"widget\" data-e-type=\"widget\" data-widget_type=\"text-editor.default\">\n\t\t\t\t\t\t\t\t\t<p>Zum Mittag- und Abendessen bieten wir Ihnen eine abwechslungsreiche Speisekarte mit frischen Zutaten, darunter stets beliebte Fischgerichte und regionale Spezialit\u00e4ten. Unsere reichhaltigen Buffets mit saisonalem Gem\u00fcse und Vorspeisen sowie ein verlockendes Dessertbuffet mit hausgemachten Desserts, Eiscreme, Sorbets und einer Auswahl an Fr\u00fcchten machen jede Mahlzeit zu einem besonderen Erlebnis. Dazu servieren wir Ihnen eine umfangreiche und vielf\u00e4ltige Weinkarte mit regionalen, nationalen und internationalen Weinen, die perfekt auf die einzelnen G\u00e4nge abgestimmt sind.<\/p>\n\t\t\t\t\t\t\t\t<\/div>\n\t\t\t\t<\/div>\n\t\t\t\t<\/div>\n\t\t<div class=\"elementor-element elementor-element-5ca9c1e e-con-full e-flex e-con e-parent\" data-id=\"5ca9c1e\" data-element_type=\"container\" data-e-type=\"container\">\n\t\t<div class=\"elementor-element elementor-element-403eff0 e-con-full e-flex e-con e-child\" data-id=\"403eff0\" data-element_type=\"container\" data-e-type=\"container\" data-settings=\"{&quot;background_background&quot;:&quot;classic&quot;}\">\n\t\t\t\t<div class=\"elementor-element elementor-element-a8e2f68 elementor-view-default elementor-position-block-start elementor-mobile-position-block-start elementor-widget elementor-widget-icon-box\" data-id=\"a8e2f68\" data-element_type=\"widget\" data-e-type=\"widget\" data-widget_type=\"icon-box.default\">\n\t\t\t\t\t\t\t<div class=\"elementor-icon-box-wrapper\">\n\n\t\t\t\t\t\t<div class=\"elementor-icon-box-icon\">\n\t\t\t\t<span  class=\"elementor-icon\">\n\t\t\t\t<svg xmlns=\"http:\/\/www.w3.org\/2000\/svg\" viewBox=\"0 0 640 640\"><path d=\"M56 80L40 80L0 216C0 257.5 31.6 291.6 72 295.6L72 560L120 560L120 295.6C160.4 291.6 192 257.5 192 216L152 80L136 80L136 216L120 216L104 80L88 80L72 216L56 216L56 80zM640 80C640 80 512 96 512 224L512 384L592 384L592 560L640 560L640 80zM336 96C292.2 96 251.3 108.6 216.8 130.3L235.9 195.2C263.3 173.2 298.1 160 336 160C388.3 160 434.8 185.1 464 224C464 194.3 469.5 168.8 478.5 147.1C439.8 115.2 390.2 96 336 96zM336 480C249.9 480 179.7 412 176.1 326.8C173.4 328.3 170.7 329.8 168 331.1L168 468.1C209 514.6 269.1 543.9 336 543.9C418.9 543.9 491.3 498.9 530 431.9L464 431.9L464 415.9C434.8 454.8 388.3 479.9 336 479.9zM448 320C448 258.1 397.9 208 336 208C274.1 208 224 258.1 224 320C224 381.9 274.1 432 336 432C397.9 432 448 381.9 448 320z\"><\/path><\/svg>\t\t\t\t<\/span>\n\t\t\t<\/div>\n\t\t\t\n\t\t\t\t\t\t<div class=\"elementor-icon-box-content\">\n\n\t\t\t\t\t\t\t\t\t<h3 class=\"elementor-icon-box-title\">\n\t\t\t\t\t\t<span  >\n\t\t\t\t\t\t\tSonntags-Aperitif\t\t\t\t\t\t<\/span>\n\t\t\t\t\t<\/h3>\n\t\t\t\t\n\t\t\t\t\t\t\t\t\t<p class=\"elementor-icon-box-description\">\n\t\t\t\t\t\tGenie\u00dfen Sie vor dem Essen unseren Mittagsaperitif am Pool. Ein erfrischender und geselliger Moment, der Ihr kulinarisches Erlebnis mit Leichtigkeit und Geschmack einl\u00e4utet. Sekt, ausgew\u00e4hlte Cocktails und kleine Appetith\u00e4ppchen aus unserer K\u00fcche stimmen Sie in entspannter und heller Atmosph\u00e4re, besonders an sonnigen Sommertagen, auf die Aromen unserer Speisekarte ein. Ein angenehmer Start ins Mittagessen \u2013 stilvoll und in aller Ruhe.\t\t\t\t\t<\/p>\n\t\t\t\t\n\t\t\t<\/div>\n\t\t\t\n\t\t<\/div>\n\t\t\t\t\t\t<\/div>\n\t\t\t\t<\/div>\n\t\t<div class=\"elementor-element elementor-element-348e2ce e-con-full e-flex e-con e-child\" data-id=\"348e2ce\" data-element_type=\"container\" data-e-type=\"container\" data-settings=\"{&quot;background_background&quot;:&quot;classic&quot;}\">\n\t\t\t\t<div class=\"elementor-element elementor-element-dca3fe8 elementor-view-default elementor-position-block-start elementor-mobile-position-block-start elementor-widget elementor-widget-icon-box\" data-id=\"dca3fe8\" data-element_type=\"widget\" data-e-type=\"widget\" data-widget_type=\"icon-box.default\">\n\t\t\t\t\t\t\t<div class=\"elementor-icon-box-wrapper\">\n\n\t\t\t\t\t\t<div class=\"elementor-icon-box-icon\">\n\t\t\t\t<span  class=\"elementor-icon\">\n\t\t\t\t<svg xmlns=\"http:\/\/www.w3.org\/2000\/svg\" viewBox=\"0 0 640 640\"><path d=\"M56 80L40 80L0 216C0 257.5 31.6 291.6 72 295.6L72 560L120 560L120 295.6C160.4 291.6 192 257.5 192 216L152 80L136 80L136 216L120 216L104 80L88 80L72 216L56 216L56 80zM640 80C640 80 512 96 512 224L512 384L592 384L592 560L640 560L640 80zM336 96C292.2 96 251.3 108.6 216.8 130.3L235.9 195.2C263.3 173.2 298.1 160 336 160C388.3 160 434.8 185.1 464 224C464 194.3 469.5 168.8 478.5 147.1C439.8 115.2 390.2 96 336 96zM336 480C249.9 480 179.7 412 176.1 326.8C173.4 328.3 170.7 329.8 168 331.1L168 468.1C209 514.6 269.1 543.9 336 543.9C418.9 543.9 491.3 498.9 530 431.9L464 431.9L464 415.9C434.8 454.8 388.3 479.9 336 479.9zM448 320C448 258.1 397.9 208 336 208C274.1 208 224 258.1 224 320C224 381.9 274.1 432 336 432C397.9 432 448 381.9 448 320z\"><\/path><\/svg>\t\t\t\t<\/span>\n\t\t\t<\/div>\n\t\t\t\n\t\t\t\t\t\t<div class=\"elementor-icon-box-content\">\n\n\t\t\t\t\t\t\t\t\t<h3 class=\"elementor-icon-box-title\">\n\t\t\t\t\t\t<span  >\n\t\t\t\t\t\t\tWine &amp; Drink Selection\t\t\t\t\t\t<\/span>\n\t\t\t\t\t<\/h3>\n\t\t\t\t\n\t\t\t\t\t\t\t\t\t<p class=\"elementor-icon-box-description\">\n\t\t\t\t\t\tUnsere Weinkarte ist eine Reise durch die italienische und franz\u00f6sische Weinkultur mit \u00fcber 150 sorgf\u00e4ltig ausgew\u00e4hlten Weinen, die jedes kulinarische Erlebnis perfekt abrunden. Von vollmundigen, strukturierten Rotweinen bis hin zu edlen Schaumweinen, darunter frische, duftende Wei\u00dfweine und prestigetr\u00e4chtige franz\u00f6sische Weine \u2013 jeder Wein ist darauf abgestimmt, die Aromen unserer K\u00fcche zu unterstreichen und ein harmonisches und rundum gelungenes Geschmackserlebnis zu bieten.\t\t\t\t\t<\/p>\n\t\t\t\t\n\t\t\t<\/div>\n\t\t\t\n\t\t<\/div>\n\t\t\t\t\t\t<\/div>\n\t\t\t\t<\/div>\n\t\t<div class=\"elementor-element elementor-element-a625c06 e-con-full e-flex e-con e-child\" data-id=\"a625c06\" data-element_type=\"container\" data-e-type=\"container\" data-settings=\"{&quot;background_background&quot;:&quot;classic&quot;}\">\n\t\t\t\t<div class=\"elementor-element elementor-element-ae20a86 elementor-view-default elementor-position-block-start elementor-mobile-position-block-start elementor-widget elementor-widget-icon-box\" data-id=\"ae20a86\" data-element_type=\"widget\" data-e-type=\"widget\" data-widget_type=\"icon-box.default\">\n\t\t\t\t\t\t\t<div class=\"elementor-icon-box-wrapper\">\n\n\t\t\t\t\t\t<div class=\"elementor-icon-box-icon\">\n\t\t\t\t<span  class=\"elementor-icon\">\n\t\t\t\t<svg aria-hidden=\"true\" class=\"e-font-icon-svg e-fas-child\" viewBox=\"0 0 384 512\" xmlns=\"http:\/\/www.w3.org\/2000\/svg\"><path d=\"M120 72c0-39.765 32.235-72 72-72s72 32.235 72 72c0 39.764-32.235 72-72 72s-72-32.236-72-72zm254.627 1.373c-12.496-12.497-32.758-12.497-45.254 0L242.745 160H141.254L54.627 73.373c-12.496-12.497-32.758-12.497-45.254 0-12.497 12.497-12.497 32.758 0 45.255L104 213.254V480c0 17.673 14.327 32 32 32h16c17.673 0 32-14.327 32-32V368h16v112c0 17.673 14.327 32 32 32h16c17.673 0 32-14.327 32-32V213.254l94.627-94.627c12.497-12.497 12.497-32.757 0-45.254z\"><\/path><\/svg>\t\t\t\t<\/span>\n\t\t\t<\/div>\n\t\t\t\n\t\t\t\t\t\t<div class=\"elementor-icon-box-content\">\n\n\t\t\t\t\t\t\t\t\t<h3 class=\"elementor-icon-box-title\">\n\t\t\t\t\t\t<span  >\n\t\t\t\t\t\t\tBesondere Aufmerksamkeit f\u00fcr jeden Gast\t\t\t\t\t\t<\/span>\n\t\t\t\t\t<\/h3>\n\t\t\t\t\n\t\t\t\t\t\t\t\t\t<p class=\"elementor-icon-box-description\">\n\t\t\t\t\t\tWir k\u00fcmmern uns auch am Tisch um Sie. Wir bieten schmackhafte und gesunde Alternativen f\u00fcr G\u00e4ste mit besonderen Bed\u00fcrfnissen wie Z\u00f6liakie, Unvertr\u00e4glichkeiten oder Allergien, aber auch f\u00fcr G\u00e4ste mit vegetarischen oder veganen Vorlieben. F\u00fcr unsere kleinen G\u00e4ste passen wir unsere Men\u00fcs gerne individuell an ihre Bed\u00fcrfnisse an und unterst\u00fctzen Sie bei Bedarf bei der Zubereitung von Babynahrung.\t\t\t\t\t<\/p>\n\t\t\t\t\n\t\t\t<\/div>\n\t\t\t\n\t\t<\/div>\n\t\t\t\t\t\t<\/div>\n\t\t\t\t<\/div>\n\t\t\t\t<\/div>\n\t\t\t\t<\/div>\n\t\t","protected":false},"excerpt":{"rendered":"<p>Food Experience Authentizit\u00e4t und Frische \u2013 jeden Tag auf dem Tisch Unser Restaurant&#8230; in den Jahreszeiten Das gastronomische Angebot des Hotel Imperial folgt dem Rhythmus der Jahreszeiten und passt sich elegant den unterschiedlichen Stimmungen des Jahres an. Von Mai bis September, im Sommer, empf\u00e4ngt das Restaurant seine G\u00e4ste mit Halb- oder Vollpension und bietet Mittag- [&hellip;]<\/p>\n","protected":false},"author":1,"featured_media":0,"parent":0,"menu_order":0,"comment_status":"closed","ping_status":"closed","template":"","meta":{"footnotes":""},"class_list":["post-2799","page","type-page","status-publish","hentry"],"_links":{"self":[{"href":"https:\/\/www.hotelimperial.it\/de\/wp-json\/wp\/v2\/pages\/2799","targetHints":{"allow":["GET"]}}],"collection":[{"href":"https:\/\/www.hotelimperial.it\/de\/wp-json\/wp\/v2\/pages"}],"about":[{"href":"https:\/\/www.hotelimperial.it\/de\/wp-json\/wp\/v2\/types\/page"}],"author":[{"embeddable":true,"href":"https:\/\/www.hotelimperial.it\/de\/wp-json\/wp\/v2\/users\/1"}],"replies":[{"embeddable":true,"href":"https:\/\/www.hotelimperial.it\/de\/wp-json\/wp\/v2\/comments?post=2799"}],"version-history":[{"count":2,"href":"https:\/\/www.hotelimperial.it\/de\/wp-json\/wp\/v2\/pages\/2799\/revisions"}],"predecessor-version":[{"id":2999,"href":"https:\/\/www.hotelimperial.it\/de\/wp-json\/wp\/v2\/pages\/2799\/revisions\/2999"}],"wp:attachment":[{"href":"https:\/\/www.hotelimperial.it\/de\/wp-json\/wp\/v2\/media?parent=2799"}],"curies":[{"name":"wp","href":"https:\/\/api.w.org\/{rel}","templated":true}]}}