{"id":2802,"date":"2026-03-16T18:20:06","date_gmt":"2026-03-16T17:20:06","guid":{"rendered":"https:\/\/www.hotelimperial.it\/eventi-territorio\/"},"modified":"2026-04-20T16:47:53","modified_gmt":"2026-04-20T14:47:53","slug":"eventi-territorio","status":"publish","type":"page","link":"https:\/\/www.hotelimperial.it\/de\/eventi-territorio\/","title":{"rendered":"Eventi &amp; Territorio"},"content":{"rendered":"\t\t<div data-elementor-type=\"wp-page\" data-elementor-id=\"2802\" class=\"elementor elementor-2802 elementor-1553\" data-elementor-post-type=\"page\">\n\t\t\t\t<div class=\"elementor-element elementor-element-44ebd5e e-flex e-con-boxed e-con e-parent\" data-id=\"44ebd5e\" data-element_type=\"container\" data-e-type=\"container\" data-settings=\"{&quot;background_background&quot;:&quot;classic&quot;}\">\n\t\t\t\t\t<div class=\"e-con-inner\">\n\t\t\t\t<div class=\"elementor-element elementor-element-2761b4a elementor-widget elementor-widget-heading\" data-id=\"2761b4a\" data-element_type=\"widget\" data-e-type=\"widget\" data-widget_type=\"heading.default\">\n\t\t\t\t\t<h1 class=\"elementor-heading-title elementor-size-default\">Veranstaltungen und Region<\/h1>\t\t\t\t<\/div>\n\t\t\t\t<div class=\"elementor-element elementor-element-a900b88 elementor-widget elementor-widget-heading\" data-id=\"a900b88\" data-element_type=\"widget\" data-e-type=\"widget\" data-widget_type=\"heading.default\">\n\t\t\t\t\t<h2 class=\"elementor-heading-title elementor-size-default\">Entdecken Sie alle Veranstaltungen und die Sch\u00f6nheit unserer Region<\/h2>\t\t\t\t<\/div>\n\t\t\t\t\t<\/div>\n\t\t\t\t<\/div>\n\t\t<div class=\"elementor-element elementor-element-f94f540 e-flex e-con-boxed e-con e-parent\" data-id=\"f94f540\" data-element_type=\"container\" data-e-type=\"container\">\n\t\t\t\t\t<div class=\"e-con-inner\">\n\t\t\t\t<div class=\"elementor-element elementor-element-8ce00d4 elementor-widget elementor-widget-heading\" data-id=\"8ce00d4\" data-element_type=\"widget\" data-e-type=\"widget\" data-widget_type=\"heading.default\">\n\t\t\t\t\t<h2 class=\"elementor-heading-title elementor-size-default\">Die Qualit\u00e4t des Imperial zu Sonderkonditionen<\/h2>\t\t\t\t<\/div>\n\t\t\t\t<div class=\"elementor-element elementor-element-ac8e93e elementor-widget__width-initial elementor-widget elementor-widget-text-editor\" data-id=\"ac8e93e\" data-element_type=\"widget\" data-e-type=\"widget\" data-widget_type=\"text-editor.default\">\n\t\t\t\t\t\t\t\t\t<p>Wir glauben, dass wahrer Luxus darin besteht, den perfekten Urlaub ohne Kompromisse w\u00e4hlen zu k\u00f6nnen. Hier finden Sie unsere besten Preise und All-inclusive-Pakete, die Ihnen maximale Transparenz und den besonderen Service bieten, der uns auszeichnet. Finden Sie das passende Angebot f\u00fcr sich.<\/p>\n\t\t\t\t\t\t\t\t<\/div>\n\t\t\t\t<div class=\"elementor-element elementor-element-ddf909a elementor-grid-3 elementor-grid-tablet-2 elementor-grid-mobile-1 elementor-posts--thumbnail-top elementor-card-shadow-yes elementor-posts__hover-gradient elementor-widget elementor-widget-posts\" data-id=\"ddf909a\" data-element_type=\"widget\" data-e-type=\"widget\" data-settings=\"{&quot;cards_columns&quot;:&quot;3&quot;,&quot;cards_columns_tablet&quot;:&quot;2&quot;,&quot;cards_columns_mobile&quot;:&quot;1&quot;,&quot;cards_row_gap&quot;:{&quot;unit&quot;:&quot;px&quot;,&quot;size&quot;:35,&quot;sizes&quot;:[]},&quot;cards_row_gap_tablet&quot;:{&quot;unit&quot;:&quot;px&quot;,&quot;size&quot;:&quot;&quot;,&quot;sizes&quot;:[]},&quot;cards_row_gap_mobile&quot;:{&quot;unit&quot;:&quot;px&quot;,&quot;size&quot;:&quot;&quot;,&quot;sizes&quot;:[]}}\" data-widget_type=\"posts.cards\">\n\t\t\t\t<div class=\"elementor-widget-container\">\n\t\t\t\t\t\t\t<div class=\"elementor-posts-container elementor-posts elementor-posts--skin-cards elementor-grid\" role=\"list\">\n\t\t\t\t<article class=\"elementor-post elementor-grid-item post-2836 post type-post status-publish format-standard has-post-thumbnail hentry category-san-benedetto-del-tronto\" role=\"listitem\">\n\t\t\t<div class=\"elementor-post__card\">\n\t\t\t\t<a class=\"elementor-post__thumbnail__link\" href=\"https:\/\/www.hotelimperial.it\/de\/2026\/04\/09\/san-benedetto-del-tronto-meer-entspannung-und-der-perfekte-urlaub-in-den-marken\/\" tabindex=\"-1\" ><div class=\"elementor-post__thumbnail\"><img fetchpriority=\"high\" decoding=\"async\" width=\"300\" height=\"199\" src=\"https:\/\/www.hotelimperial.it\/wp-content\/uploads\/2026\/04\/Progetto-senza-titolo-300x199.jpg\" class=\"attachment-medium size-medium wp-image-2835\" alt=\"\" srcset=\"https:\/\/www.hotelimperial.it\/wp-content\/uploads\/2026\/04\/Progetto-senza-titolo-300x199.jpg 300w, https:\/\/www.hotelimperial.it\/wp-content\/uploads\/2026\/04\/Progetto-senza-titolo-1024x680.jpg 1024w, https:\/\/www.hotelimperial.it\/wp-content\/uploads\/2026\/04\/Progetto-senza-titolo-768x510.jpg 768w, https:\/\/www.hotelimperial.it\/wp-content\/uploads\/2026\/04\/Progetto-senza-titolo.jpg 1280w\" sizes=\"(max-width: 300px) 100vw, 300px\" \/><\/div><\/a>\n\t\t\t\t<div class=\"elementor-post__badge\">San Benedetto del Tronto<\/div>\n\t\t\t\t<div class=\"elementor-post__text\">\n\t\t\t\t<h3 class=\"elementor-post__title\">\n\t\t\t<a href=\"https:\/\/www.hotelimperial.it\/de\/2026\/04\/09\/san-benedetto-del-tronto-meer-entspannung-und-der-perfekte-urlaub-in-den-marken\/\" >\n\t\t\t\tSan Benedetto del Tronto: Meer, Entspannung und der perfekte Urlaub in den Marken\t\t\t<\/a>\n\t\t<\/h3>\n\t\t\t\t<div class=\"elementor-post__excerpt\">\n\t\t\t<p>&#13; An der Adriak\u00fcste gelegen, San Benedetto del Tronto ist eines der beliebtesten Reiseziele f\u00fcr alle, die einen Strandurlaub suchen, der Entspannung, Service und Lebensqualit\u00e4t vereint. Hier verlangsamt sich das<\/p>\n\t\t<\/div>\n\t\t\n\t\t<a class=\"elementor-post__read-more\" href=\"https:\/\/www.hotelimperial.it\/de\/2026\/04\/09\/san-benedetto-del-tronto-meer-entspannung-und-der-perfekte-urlaub-in-den-marken\/\" aria-label=\"Mehr \u00fcber San Benedetto del Tronto: Meer, Entspannung und der perfekte Urlaub in den Marken\" tabindex=\"-1\" >\n\t\t\tMehr lesen \u00bb\t\t<\/a>\n\n\t\t\t\t<\/div>\n\t\t\t\t<div class=\"elementor-post__meta-data\">\n\t\t\t\t\t<span class=\"elementor-post-date\">\n\t\t\t9 April 2026\t\t<\/span>\n\t\t\t\t<\/div>\n\t\t\t\t\t<\/div>\n\t\t<\/article>\n\t\t\t\t<article class=\"elementor-post elementor-grid-item post-2839 post type-post status-publish format-standard has-post-thumbnail hentry category-san-benedetto-del-tronto\" role=\"listitem\">\n\t\t\t<div class=\"elementor-post__card\">\n\t\t\t\t<a class=\"elementor-post__thumbnail__link\" href=\"https:\/\/www.hotelimperial.it\/de\/2026\/04\/08\/was-man-in-san-benedetto-del-tronto-bei-regen-unternehmen-kann-ideen-und-aktivitaeten\/\" tabindex=\"-1\" ><div class=\"elementor-post__thumbnail\"><img decoding=\"async\" width=\"300\" height=\"199\" src=\"https:\/\/www.hotelimperial.it\/wp-content\/uploads\/2026\/04\/6-300x199.jpg\" class=\"attachment-medium size-medium wp-image-2838\" alt=\"\" srcset=\"https:\/\/www.hotelimperial.it\/wp-content\/uploads\/2026\/04\/6-300x199.jpg 300w, https:\/\/www.hotelimperial.it\/wp-content\/uploads\/2026\/04\/6-1024x680.jpg 1024w, https:\/\/www.hotelimperial.it\/wp-content\/uploads\/2026\/04\/6-768x510.jpg 768w, https:\/\/www.hotelimperial.it\/wp-content\/uploads\/2026\/04\/6.jpg 1280w\" sizes=\"(max-width: 300px) 100vw, 300px\" \/><\/div><\/a>\n\t\t\t\t<div class=\"elementor-post__badge\">San Benedetto del Tronto<\/div>\n\t\t\t\t<div class=\"elementor-post__text\">\n\t\t\t\t<h3 class=\"elementor-post__title\">\n\t\t\t<a href=\"https:\/\/www.hotelimperial.it\/de\/2026\/04\/08\/was-man-in-san-benedetto-del-tronto-bei-regen-unternehmen-kann-ideen-und-aktivitaeten\/\" >\n\t\t\t\tWas man in San Benedetto del Tronto bei Regen unternehmen kann: Ideen und Aktivit\u00e4ten\t\t\t<\/a>\n\t\t<\/h3>\n\t\t\t\t<div class=\"elementor-post__excerpt\">\n\t\t\t<p>Auch wenn das Wetter nicht optimal ist, San Benedetto del Tronto bietet angenehme und ungew\u00f6hnliche Erlebnisse. Regentage bieten die Gelegenheit, eine ruhigere und authentischere Seite der Stadt zu entdecken \u2013<\/p>\n\t\t<\/div>\n\t\t\n\t\t<a class=\"elementor-post__read-more\" href=\"https:\/\/www.hotelimperial.it\/de\/2026\/04\/08\/was-man-in-san-benedetto-del-tronto-bei-regen-unternehmen-kann-ideen-und-aktivitaeten\/\" aria-label=\"Mehr \u00fcber Was man in San Benedetto del Tronto bei Regen unternehmen kann: Ideen und Aktivit\u00e4ten\" tabindex=\"-1\" >\n\t\t\tMehr lesen \u00bb\t\t<\/a>\n\n\t\t\t\t<\/div>\n\t\t\t\t<div class=\"elementor-post__meta-data\">\n\t\t\t\t\t<span class=\"elementor-post-date\">\n\t\t\t8 April 2026\t\t<\/span>\n\t\t\t\t<\/div>\n\t\t\t\t\t<\/div>\n\t\t<\/article>\n\t\t\t\t<article class=\"elementor-post elementor-grid-item post-2844 post type-post status-publish format-standard has-post-thumbnail hentry category-ascoli-piceno\" role=\"listitem\">\n\t\t\t<div class=\"elementor-post__card\">\n\t\t\t\t<a class=\"elementor-post__thumbnail__link\" href=\"https:\/\/www.hotelimperial.it\/de\/2026\/04\/07\/ascoli-piceno-sehenswuerdigkeiten-und-aktivitaeten-fuer-ihren-urlaub\/\" tabindex=\"-1\" ><div class=\"elementor-post__thumbnail\"><img decoding=\"async\" width=\"300\" height=\"199\" src=\"https:\/\/www.hotelimperial.it\/wp-content\/uploads\/2026\/04\/3-300x199.jpg\" class=\"attachment-medium size-medium wp-image-2841\" alt=\"\" srcset=\"https:\/\/www.hotelimperial.it\/wp-content\/uploads\/2026\/04\/3-300x199.jpg 300w, https:\/\/www.hotelimperial.it\/wp-content\/uploads\/2026\/04\/3-1024x680.jpg 1024w, https:\/\/www.hotelimperial.it\/wp-content\/uploads\/2026\/04\/3-768x510.jpg 768w, https:\/\/www.hotelimperial.it\/wp-content\/uploads\/2026\/04\/3.jpg 1280w\" sizes=\"(max-width: 300px) 100vw, 300px\" \/><\/div><\/a>\n\t\t\t\t<div class=\"elementor-post__badge\">Ascoli Piceno<\/div>\n\t\t\t\t<div class=\"elementor-post__text\">\n\t\t\t\t<h3 class=\"elementor-post__title\">\n\t\t\t<a href=\"https:\/\/www.hotelimperial.it\/de\/2026\/04\/07\/ascoli-piceno-sehenswuerdigkeiten-und-aktivitaeten-fuer-ihren-urlaub\/\" >\n\t\t\t\tAscoli Piceno: Sehensw\u00fcrdigkeiten und Aktivit\u00e4ten f\u00fcr Ihren Urlaub\t\t\t<\/a>\n\t\t<\/h3>\n\t\t\t\t<div class=\"elementor-post__excerpt\">\n\t\t\t<p>&#13; Wenn Sie in San Benedetto del Tronto \u00fcbernachten, ist Ascoli Piceno ein lohnender Zwischenstopp \u2013 eine elegante Kunststadt, die etwa 30 Minuten vom Meer entfernt liegt. Hier \u00e4ndert sich<\/p>\n\t\t<\/div>\n\t\t\n\t\t<a class=\"elementor-post__read-more\" href=\"https:\/\/www.hotelimperial.it\/de\/2026\/04\/07\/ascoli-piceno-sehenswuerdigkeiten-und-aktivitaeten-fuer-ihren-urlaub\/\" aria-label=\"Mehr \u00fcber Ascoli Piceno: Sehensw\u00fcrdigkeiten und Aktivit\u00e4ten f\u00fcr Ihren Urlaub\" tabindex=\"-1\" >\n\t\t\tMehr lesen \u00bb\t\t<\/a>\n\n\t\t\t\t<\/div>\n\t\t\t\t<div class=\"elementor-post__meta-data\">\n\t\t\t\t\t<span class=\"elementor-post-date\">\n\t\t\t7 April 2026\t\t<\/span>\n\t\t\t\t<\/div>\n\t\t\t\t\t<\/div>\n\t\t<\/article>\n\t\t\t\t<article class=\"elementor-post elementor-grid-item post-2846 post type-post status-publish format-standard has-post-thumbnail hentry category-san-benedetto-del-tronto\" role=\"listitem\">\n\t\t\t<div class=\"elementor-post__card\">\n\t\t\t\t<a class=\"elementor-post__thumbnail__link\" href=\"https:\/\/www.hotelimperial.it\/de\/2026\/04\/06\/veranstaltungen-im-sommer-2026-in-san-benedetto-del-tronto-konzerte-volksfeste-und-auffuehrungen\/\" tabindex=\"-1\" ><div class=\"elementor-post__thumbnail\"><img loading=\"lazy\" decoding=\"async\" width=\"300\" height=\"199\" src=\"https:\/\/www.hotelimperial.it\/wp-content\/uploads\/2026\/04\/2-300x199.jpg\" class=\"attachment-medium size-medium wp-image-2840\" alt=\"\" srcset=\"https:\/\/www.hotelimperial.it\/wp-content\/uploads\/2026\/04\/2-300x199.jpg 300w, https:\/\/www.hotelimperial.it\/wp-content\/uploads\/2026\/04\/2-1024x680.jpg 1024w, https:\/\/www.hotelimperial.it\/wp-content\/uploads\/2026\/04\/2-768x510.jpg 768w, https:\/\/www.hotelimperial.it\/wp-content\/uploads\/2026\/04\/2.jpg 1280w\" sizes=\"(max-width: 300px) 100vw, 300px\" \/><\/div><\/a>\n\t\t\t\t<div class=\"elementor-post__badge\">San Benedetto del Tronto<\/div>\n\t\t\t\t<div class=\"elementor-post__text\">\n\t\t\t\t<h3 class=\"elementor-post__title\">\n\t\t\t<a href=\"https:\/\/www.hotelimperial.it\/de\/2026\/04\/06\/veranstaltungen-im-sommer-2026-in-san-benedetto-del-tronto-konzerte-volksfeste-und-auffuehrungen\/\" >\n\t\t\t\tVeranstaltungen im Sommer 2026 in San Benedetto del Tronto: Konzerte, Volksfeste und Auff\u00fchrungen\t\t\t<\/a>\n\t\t<\/h3>\n\t\t\t\t<div class=\"elementor-post__excerpt\">\n\t\t\t<p>&#13; Wenn du f\u00fcr den Sommer 2026 einen Urlaub in San Benedetto del Tronto planst, erwartet dich eine Saison voller Veranstaltungen, darunter Musik, kulinarische Events und ein vielf\u00e4ltiges Unterhaltungsangebot. In<\/p>\n\t\t<\/div>\n\t\t\n\t\t<a class=\"elementor-post__read-more\" href=\"https:\/\/www.hotelimperial.it\/de\/2026\/04\/06\/veranstaltungen-im-sommer-2026-in-san-benedetto-del-tronto-konzerte-volksfeste-und-auffuehrungen\/\" aria-label=\"Mehr \u00fcber Veranstaltungen im Sommer 2026 in San Benedetto del Tronto: Konzerte, Volksfeste und Auff\u00fchrungen\" tabindex=\"-1\" >\n\t\t\tMehr lesen \u00bb\t\t<\/a>\n\n\t\t\t\t<\/div>\n\t\t\t\t<div class=\"elementor-post__meta-data\">\n\t\t\t\t\t<span class=\"elementor-post-date\">\n\t\t\t6 April 2026\t\t<\/span>\n\t\t\t\t<\/div>\n\t\t\t\t\t<\/div>\n\t\t<\/article>\n\t\t\t\t<article class=\"elementor-post elementor-grid-item post-2848 post type-post status-publish format-standard has-post-thumbnail hentry category-offida\" role=\"listitem\">\n\t\t\t<div class=\"elementor-post__card\">\n\t\t\t\t<a class=\"elementor-post__thumbnail__link\" href=\"https:\/\/www.hotelimperial.it\/de\/2026\/03\/17\/offida-sehenswuerdigkeiten-zwischen-wein-traditionen-und-doerfern\/\" tabindex=\"-1\" ><div class=\"elementor-post__thumbnail\"><img loading=\"lazy\" decoding=\"async\" width=\"300\" height=\"199\" src=\"https:\/\/www.hotelimperial.it\/wp-content\/uploads\/2026\/04\/4-300x199.jpg\" class=\"attachment-medium size-medium wp-image-2842\" alt=\"\" srcset=\"https:\/\/www.hotelimperial.it\/wp-content\/uploads\/2026\/04\/4-300x199.jpg 300w, https:\/\/www.hotelimperial.it\/wp-content\/uploads\/2026\/04\/4-1024x680.jpg 1024w, https:\/\/www.hotelimperial.it\/wp-content\/uploads\/2026\/04\/4-768x510.jpg 768w, https:\/\/www.hotelimperial.it\/wp-content\/uploads\/2026\/04\/4.jpg 1280w\" sizes=\"(max-width: 300px) 100vw, 300px\" \/><\/div><\/a>\n\t\t\t\t<div class=\"elementor-post__badge\">Offida<\/div>\n\t\t\t\t<div class=\"elementor-post__text\">\n\t\t\t\t<h3 class=\"elementor-post__title\">\n\t\t\t<a href=\"https:\/\/www.hotelimperial.it\/de\/2026\/03\/17\/offida-sehenswuerdigkeiten-zwischen-wein-traditionen-und-doerfern\/\" >\n\t\t\t\tOffida: Sehensw\u00fcrdigkeiten zwischen Wein, Traditionen und D\u00f6rfern\t\t\t<\/a>\n\t\t<\/h3>\n\t\t\t\t<div class=\"elementor-post__excerpt\">\n\t\t\t<p>&#13; Etwa 25 Minuten von San Benedetto del Tronto entfernt liegt Offida, eines der authentischsten D\u00f6rfer im Hinterland der Marken. Ein ideales Reiseziel f\u00fcr alle, die den Strand mit der<\/p>\n\t\t<\/div>\n\t\t\n\t\t<a class=\"elementor-post__read-more\" href=\"https:\/\/www.hotelimperial.it\/de\/2026\/03\/17\/offida-sehenswuerdigkeiten-zwischen-wein-traditionen-und-doerfern\/\" aria-label=\"Mehr \u00fcber Offida: Sehensw\u00fcrdigkeiten zwischen Wein, Traditionen und D\u00f6rfern\" tabindex=\"-1\" >\n\t\t\tMehr lesen \u00bb\t\t<\/a>\n\n\t\t\t\t<\/div>\n\t\t\t\t<div class=\"elementor-post__meta-data\">\n\t\t\t\t\t<span class=\"elementor-post-date\">\n\t\t\t17 M\u00e4rz 2026\t\t<\/span>\n\t\t\t\t<\/div>\n\t\t\t\t\t<\/div>\n\t\t<\/article>\n\t\t\t\t<article class=\"elementor-post elementor-grid-item post-2850 post type-post status-publish format-standard has-post-thumbnail hentry category-grottammare\" role=\"listitem\">\n\t\t\t<div class=\"elementor-post__card\">\n\t\t\t\t<a class=\"elementor-post__thumbnail__link\" href=\"https:\/\/www.hotelimperial.it\/de\/2026\/03\/16\/grottammare-sehenswuerdigkeiten-zwischen-meer-und-altstadt\/\" tabindex=\"-1\" ><div class=\"elementor-post__thumbnail\"><img loading=\"lazy\" decoding=\"async\" width=\"300\" height=\"199\" src=\"https:\/\/www.hotelimperial.it\/wp-content\/uploads\/2026\/04\/5-300x199.jpg\" class=\"attachment-medium size-medium wp-image-2843\" alt=\"\" srcset=\"https:\/\/www.hotelimperial.it\/wp-content\/uploads\/2026\/04\/5-300x199.jpg 300w, https:\/\/www.hotelimperial.it\/wp-content\/uploads\/2026\/04\/5-1024x680.jpg 1024w, https:\/\/www.hotelimperial.it\/wp-content\/uploads\/2026\/04\/5-768x510.jpg 768w, https:\/\/www.hotelimperial.it\/wp-content\/uploads\/2026\/04\/5.jpg 1280w\" sizes=\"(max-width: 300px) 100vw, 300px\" \/><\/div><\/a>\n\t\t\t\t<div class=\"elementor-post__badge\">Grottammare<\/div>\n\t\t\t\t<div class=\"elementor-post__text\">\n\t\t\t\t<h3 class=\"elementor-post__title\">\n\t\t\t<a href=\"https:\/\/www.hotelimperial.it\/de\/2026\/03\/16\/grottammare-sehenswuerdigkeiten-zwischen-meer-und-altstadt\/\" >\n\t\t\t\tGrottammare: Sehensw\u00fcrdigkeiten zwischen Meer und Altstadt\t\t\t<\/a>\n\t\t<\/h3>\n\t\t\t\t<div class=\"elementor-post__excerpt\">\n\t\t\t<p>&#13; Nur wenige Minuten von San Benedetto del Tronto entfernt liegt Grottammare, einer der reizvollsten Orte an der Adriak\u00fcste, der das Vergn\u00fcgen am Meer mit dem authentischen Charme eines historischen<\/p>\n\t\t<\/div>\n\t\t\n\t\t<a class=\"elementor-post__read-more\" href=\"https:\/\/www.hotelimperial.it\/de\/2026\/03\/16\/grottammare-sehenswuerdigkeiten-zwischen-meer-und-altstadt\/\" aria-label=\"Mehr \u00fcber Grottammare: Sehensw\u00fcrdigkeiten zwischen Meer und Altstadt\" tabindex=\"-1\" >\n\t\t\tMehr lesen \u00bb\t\t<\/a>\n\n\t\t\t\t<\/div>\n\t\t\t\t<div class=\"elementor-post__meta-data\">\n\t\t\t\t\t<span class=\"elementor-post-date\">\n\t\t\t16 M\u00e4rz 2026\t\t<\/span>\n\t\t\t\t<\/div>\n\t\t\t\t\t<\/div>\n\t\t<\/article>\n\t\t\t\t<\/div>\n\t\t\n\t\t\t\t\t\t<\/div>\n\t\t\t\t<\/div>\n\t\t\t\t\t<\/div>\n\t\t\t\t<\/div>\n\t\t\t\t<\/div>\n\t\t","protected":false},"excerpt":{"rendered":"<p>Veranstaltungen und Region Entdecken Sie alle Veranstaltungen und die Sch\u00f6nheit unserer Region Die Qualit\u00e4t des Imperial zu Sonderkonditionen Wir glauben, dass wahrer Luxus darin besteht, den perfekten Urlaub ohne Kompromisse w\u00e4hlen zu k\u00f6nnen. Hier finden Sie unsere besten Preise und All-inclusive-Pakete, die Ihnen maximale Transparenz und den besonderen Service bieten, der uns auszeichnet. Finden Sie [&hellip;]<\/p>\n","protected":false},"author":1,"featured_media":0,"parent":0,"menu_order":0,"comment_status":"closed","ping_status":"closed","template":"","meta":{"footnotes":""},"class_list":["post-2802","page","type-page","status-publish","hentry"],"_links":{"self":[{"href":"https:\/\/www.hotelimperial.it\/de\/wp-json\/wp\/v2\/pages\/2802","targetHints":{"allow":["GET"]}}],"collection":[{"href":"https:\/\/www.hotelimperial.it\/de\/wp-json\/wp\/v2\/pages"}],"about":[{"href":"https:\/\/www.hotelimperial.it\/de\/wp-json\/wp\/v2\/types\/page"}],"author":[{"embeddable":true,"href":"https:\/\/www.hotelimperial.it\/de\/wp-json\/wp\/v2\/users\/1"}],"replies":[{"embeddable":true,"href":"https:\/\/www.hotelimperial.it\/de\/wp-json\/wp\/v2\/comments?post=2802"}],"version-history":[{"count":5,"href":"https:\/\/www.hotelimperial.it\/de\/wp-json\/wp\/v2\/pages\/2802\/revisions"}],"predecessor-version":[{"id":3031,"href":"https:\/\/www.hotelimperial.it\/de\/wp-json\/wp\/v2\/pages\/2802\/revisions\/3031"}],"wp:attachment":[{"href":"https:\/\/www.hotelimperial.it\/de\/wp-json\/wp\/v2\/media?parent=2802"}],"curies":[{"name":"wp","href":"https:\/\/api.w.org\/{rel}","templated":true}]}}