{"id":2808,"date":"2026-02-23T12:37:04","date_gmt":"2026-02-23T11:37:04","guid":{"rendered":"https:\/\/www.hotelimperial.it\/bike-experience\/"},"modified":"2026-04-20T16:57:36","modified_gmt":"2026-04-20T14:57:36","slug":"bike-experience","status":"publish","type":"page","link":"https:\/\/www.hotelimperial.it\/de\/bike-experience\/","title":{"rendered":"Bike Experience"},"content":{"rendered":"\t\t<div data-elementor-type=\"wp-page\" data-elementor-id=\"2808\" class=\"elementor elementor-2808 elementor-1244\" data-elementor-post-type=\"page\">\n\t\t\t\t<div class=\"elementor-element elementor-element-b992831 e-flex e-con-boxed e-con e-parent\" data-id=\"b992831\" data-element_type=\"container\" data-e-type=\"container\" data-settings=\"{&quot;background_background&quot;:&quot;classic&quot;}\">\n\t\t\t\t\t<div class=\"e-con-inner\">\n\t\t\t\t<div class=\"elementor-element elementor-element-346546a elementor-widget elementor-widget-heading\" data-id=\"346546a\" data-element_type=\"widget\" data-e-type=\"widget\" data-widget_type=\"heading.default\">\n\t\t\t\t\t<h1 class=\"elementor-heading-title elementor-size-default\">Bike Experience<\/h1>\t\t\t\t<\/div>\n\t\t\t\t<div class=\"elementor-element elementor-element-6828261 elementor-widget elementor-widget-heading\" data-id=\"6828261\" data-element_type=\"widget\" data-e-type=\"widget\" data-widget_type=\"heading.default\">\n\t\t\t\t\t<h2 class=\"elementor-heading-title elementor-size-default\">Wo Radfahren auf Eleganz trifft<\/h2>\t\t\t\t<\/div>\n\t\t\t\t\t<\/div>\n\t\t\t\t<\/div>\n\t\t<div class=\"elementor-element elementor-element-04cf89a e-flex e-con-boxed e-con e-parent\" data-id=\"04cf89a\" data-element_type=\"container\" data-e-type=\"container\">\n\t\t\t\t\t<div class=\"e-con-inner\">\n\t\t<div class=\"elementor-element elementor-element-2454427 e-con-full e-flex e-con e-child\" data-id=\"2454427\" data-element_type=\"container\" data-e-type=\"container\">\n\t\t\t\t<div class=\"elementor-element elementor-element-4b9bf05 elementor-widget elementor-widget-heading\" data-id=\"4b9bf05\" data-element_type=\"widget\" data-e-type=\"widget\" data-widget_type=\"heading.default\">\n\t\t\t\t\t<h2 class=\"elementor-heading-title elementor-size-default\">Pedale mit Stil<\/h2>\t\t\t\t<\/div>\n\t\t\t\t<div class=\"elementor-element elementor-element-9dcb72e elementor-widget__width-initial elementor-widget elementor-widget-text-editor\" data-id=\"9dcb72e\" data-element_type=\"widget\" data-e-type=\"widget\" data-widget_type=\"text-editor.default\">\n\t\t\t\t\t\t\t\t\tEs gibt Reisen, die mehr verdienen als nur ein Reiseziel. Unser <strong>Bike Hotel<\/strong> wurde f\u00fcr alle geschaffen, die jede <strong>Radtour mit Stil<\/strong> genie\u00dfen m\u00f6chten \u2013 inmitten von Landschaften, die es zu entdecken gilt, Stra\u00dfen, die es zu befahren gilt, und der Freude, in ein elegantes und einladendes Ambiente zur\u00fcckzukehren.\t\t\t\t\t\t\t\t<\/div>\n\t\t\t\t<\/div>\n\t\t\t\t\t<\/div>\n\t\t\t\t<\/div>\n\t\t<div class=\"elementor-element elementor-element-5149848 e-con-full e-flex e-con e-parent\" data-id=\"5149848\" data-element_type=\"container\" data-e-type=\"container\">\n\t\t<div class=\"elementor-element elementor-element-34a2e35 e-con-full e-flex e-con e-child\" data-id=\"34a2e35\" data-element_type=\"container\" data-e-type=\"container\" data-settings=\"{&quot;background_background&quot;:&quot;slideshow&quot;,&quot;background_slideshow_gallery&quot;:[{&quot;id&quot;:2804,&quot;url&quot;:&quot;https:\\\/\\\/www.hotelimperial.it\\\/wp-content\\\/uploads\\\/2026\\\/03\\\/bici1.jpg&quot;},{&quot;id&quot;:2805,&quot;url&quot;:&quot;https:\\\/\\\/www.hotelimperial.it\\\/wp-content\\\/uploads\\\/2026\\\/03\\\/bici3.jpg&quot;}],&quot;background_slideshow_loop&quot;:&quot;yes&quot;,&quot;background_slideshow_slide_duration&quot;:5000,&quot;background_slideshow_slide_transition&quot;:&quot;fade&quot;,&quot;background_slideshow_transition_duration&quot;:500}\">\n\t\t\t\t<\/div>\n\t\t<div class=\"elementor-element elementor-element-3431b08 e-con-full e-flex e-con e-child\" data-id=\"3431b08\" data-element_type=\"container\" data-e-type=\"container\">\n\t\t\t\t<div class=\"elementor-element elementor-element-d76f0d1 elementor-widget elementor-widget-heading\" data-id=\"d76f0d1\" data-element_type=\"widget\" data-e-type=\"widget\" data-widget_type=\"heading.default\">\n\t\t\t\t\t<h3 class=\"elementor-heading-title elementor-size-default\">Fahrradfreundlich &amp; sicher<\/h3>\t\t\t\t<\/div>\n\t\t\t\t<div class=\"elementor-element elementor-element-8d07bdd elementor-widget__width-initial elementor-widget elementor-widget-text-editor\" data-id=\"8d07bdd\" data-element_type=\"widget\" data-e-type=\"widget\" data-widget_type=\"text-editor.default\">\n\t\t\t\t\t\t\t\t\t<p>Hier trifft Gastfreundschaft auf sorgf\u00e4ltig auf anspruchsvolle Radfahrer zugeschnittene Services. Ihr Fahrrad wird in einer privaten, abschlie\u00dfbaren und video\u00fcberwachten Garage aufbewahrt, die Ihnen w\u00e4hrend Ihres gesamten Aufenthalts maximale Sicherheit und Komfort bietet. Ob Sie alleine, mit Freunden oder in einer Gruppe reisen, Sie finden Routen f\u00fcr jedes Niveau und unz\u00e4hlige M\u00f6glichkeiten, die Gegend auf zwei R\u00e4dern zu erkunden und sportliche Herausforderungen mit Momenten purer Entspannung abzuwechseln.<\/p>\n\t\t\t\t\t\t\t\t<\/div>\n\t\t\t\t<\/div>\n\t\t\t\t<\/div>\n\t\t<div class=\"elementor-element elementor-element-3efd182 e-con-full e-flex e-con e-parent\" data-id=\"3efd182\" data-element_type=\"container\" data-e-type=\"container\">\n\t\t<div class=\"elementor-element elementor-element-dfbd3c6 e-con-full e-flex e-con e-child\" data-id=\"dfbd3c6\" data-element_type=\"container\" data-e-type=\"container\" data-settings=\"{&quot;background_background&quot;:&quot;slideshow&quot;,&quot;background_slideshow_gallery&quot;:[{&quot;id&quot;:2806,&quot;url&quot;:&quot;https:\\\/\\\/www.hotelimperial.it\\\/wp-content\\\/uploads\\\/2026\\\/03\\\/bici2.jpg&quot;},{&quot;id&quot;:2807,&quot;url&quot;:&quot;https:\\\/\\\/www.hotelimperial.it\\\/wp-content\\\/uploads\\\/2026\\\/03\\\/bici4.jpg&quot;}],&quot;background_slideshow_loop&quot;:&quot;yes&quot;,&quot;background_slideshow_slide_duration&quot;:5000,&quot;background_slideshow_slide_transition&quot;:&quot;fade&quot;,&quot;background_slideshow_transition_duration&quot;:500}\">\n\t\t\t\t<\/div>\n\t\t<div class=\"elementor-element elementor-element-181e9d9 e-con-full e-flex e-con e-child\" data-id=\"181e9d9\" data-element_type=\"container\" data-e-type=\"container\">\n\t\t\t\t<div class=\"elementor-element elementor-element-29854be elementor-widget elementor-widget-heading\" data-id=\"29854be\" data-element_type=\"widget\" data-e-type=\"widget\" data-widget_type=\"heading.default\">\n\t\t\t\t\t<h3 class=\"elementor-heading-title elementor-size-default\">Fahrrad- und Entspannungshilfe<\/h3>\t\t\t\t<\/div>\n\t\t\t\t<div class=\"elementor-element elementor-element-1b02aec elementor-widget__width-initial elementor-widget elementor-widget-text-editor\" data-id=\"1b02aec\" data-element_type=\"widget\" data-e-type=\"widget\" data-widget_type=\"text-editor.default\">\n\t\t\t\t\t\t\t\t\t<p>F\u00fcr alle technischen Anliegen arbeiten wir mit einer<strong> externen Fachwerkstatt zusammen<\/strong>, um Ihnen bei Bedarf professionellen, schnellen und zuverl\u00e4ssigen Service zu garantieren.<\/p>\n\t\t\t\t\t\t\t\t<\/div>\n\t\t\t\t<div class=\"elementor-element elementor-element-162e9a1 elementor-widget__width-initial elementor-widget elementor-widget-text-editor\" data-id=\"162e9a1\" data-element_type=\"widget\" data-e-type=\"widget\" data-widget_type=\"text-editor.default\">\n\t\t\t\t\t\t\t\t\t<p>Lassen Sie sich nach einem Tag im Sattel vom Komfort verw\u00f6hnen, schalten Sie einen Gang zur\u00fcck und genie\u00dfen Sie den Genuss einer bis ins kleinste Detail durchdachten Gastfreundschaft. Denn wahrer Luxus bedeutet, sich frei zu f\u00fchlen, aufbrechen zu k\u00f6nnen und zu wissen, dass bei der R\u00fcckkehr alles genau so ist, wie es sein sollte.<\/p>\n\t\t\t\t\t\t\t\t<\/div>\n\t\t\t\t<\/div>\n\t\t\t\t<\/div>\n\t\t<div class=\"elementor-element elementor-element-7da3b97 e-con-full elementor-hidden-desktop elementor-hidden-tablet elementor-hidden-mobile e-flex e-con e-parent\" data-id=\"7da3b97\" data-element_type=\"container\" data-e-type=\"container\">\n\t\t<div class=\"elementor-element elementor-element-4b1d5a4 e-con-full animated-slow e-flex elementor-invisible e-con e-child\" data-id=\"4b1d5a4\" data-element_type=\"container\" data-e-type=\"container\" data-settings=\"{&quot;background_background&quot;:&quot;classic&quot;,&quot;animation&quot;:&quot;fadeInLeft&quot;}\">\n\t\t\t\t<div class=\"elementor-element elementor-element-5fdccb9 elementor-widget elementor-widget-heading\" data-id=\"5fdccb9\" data-element_type=\"widget\" data-e-type=\"widget\" data-widget_type=\"heading.default\">\n\t\t\t\t\t<h2 class=\"elementor-heading-title elementor-size-default\">Aromen der Region<\/h2>\t\t\t\t<\/div>\n\t\t\t\t<div class=\"elementor-element elementor-element-318ae24 elementor-widget elementor-widget-heading\" data-id=\"318ae24\" data-element_type=\"widget\" data-e-type=\"widget\" data-widget_type=\"heading.default\">\n\t\t\t\t\t<p class=\"elementor-heading-title elementor-size-default\">Jeden Tag bringen wir die Frische der Adria und die authentischen Aromen unserer Region auf den Tisch \u2013 f\u00fcr ein genussvolles und geselliges Erlebnis f\u00fcr die ganze Familie.<\/p>\t\t\t\t<\/div>\n\t\t\t\t<div class=\"elementor-element elementor-element-b088203 elementor-align-left elementor-widget elementor-widget-button\" data-id=\"b088203\" data-element_type=\"widget\" data-e-type=\"widget\" data-widget_type=\"button.default\">\n\t\t\t\t\t\t\t\t\t\t<a class=\"elementor-button elementor-size-sm\" role=\"button\">\n\t\t\t\t\t\t<span class=\"elementor-button-content-wrapper\">\n\t\t\t\t\t\t\t\t\t<span class=\"elementor-button-text\">Entdecken Sie das Restaurant<\/span>\n\t\t\t\t\t<\/span>\n\t\t\t\t\t<\/a>\n\t\t\t\t\t\t\t\t<\/div>\n\t\t\t\t<\/div>\n\t\t<a class=\"elementor-element elementor-element-3d022b8 e-con-full e-flex elementor-invisible e-con e-child\" data-id=\"3d022b8\" data-element_type=\"container\" data-e-type=\"container\" data-settings=\"{&quot;background_background&quot;:&quot;classic&quot;,&quot;animation&quot;:&quot;fadeInRight&quot;}\">\n\t\t<div class=\"elementor-element elementor-element-5686a37 e-con-full e-flex e-con e-child\" data-id=\"5686a37\" data-element_type=\"container\" data-e-type=\"container\" data-settings=\"{&quot;background_background&quot;:&quot;classic&quot;}\">\n\t\t\t\t<div class=\"elementor-element elementor-element-53cd0eb elementor-widget elementor-widget-heading\" data-id=\"53cd0eb\" data-element_type=\"widget\" data-e-type=\"widget\" data-widget_type=\"heading.default\">\n\t\t\t\t\t<h2 class=\"elementor-heading-title elementor-size-default\">Das Restaurant<\/h2>\t\t\t\t<\/div>\n\t\t\t\t<div class=\"elementor-element elementor-element-3cbca28 elementor-widget elementor-widget-heading\" data-id=\"3cbca28\" data-element_type=\"widget\" data-e-type=\"widget\" data-widget_type=\"heading.default\">\n\t\t\t\t\t<div class=\"elementor-heading-title elementor-size-default\">Geschmack, Tradition und Leidenschaft<\/div>\t\t\t\t<\/div>\n\t\t\t\t<\/div>\n\t\t\t\t<\/a>\n\t\t\t\t<\/div>\n\t\t<div class=\"elementor-element elementor-element-abd7e72 e-con-full elementor-hidden-desktop elementor-hidden-tablet elementor-hidden-mobile e-flex e-con e-parent\" data-id=\"abd7e72\" data-element_type=\"container\" data-e-type=\"container\">\n\t\t<div class=\"elementor-element elementor-element-bef1901 e-con-full animated-slow e-flex elementor-invisible e-con e-child\" data-id=\"bef1901\" data-element_type=\"container\" data-e-type=\"container\" data-settings=\"{&quot;background_background&quot;:&quot;classic&quot;,&quot;animation&quot;:&quot;fadeInLeft&quot;}\">\n\t\t\t\t<div class=\"elementor-element elementor-element-d346116 elementor-widget elementor-widget-heading\" data-id=\"d346116\" data-element_type=\"widget\" data-e-type=\"widget\" data-widget_type=\"heading.default\">\n\t\t\t\t\t<h2 class=\"elementor-heading-title elementor-size-default\">Direkt am Meer<\/h2>\t\t\t\t<\/div>\n\t\t\t\t<div class=\"elementor-element elementor-element-45f3941 elementor-widget elementor-widget-heading\" data-id=\"45f3941\" data-element_type=\"widget\" data-e-type=\"widget\" data-widget_type=\"heading.default\">\n\t\t\t\t\t<p class=\"elementor-heading-title elementor-size-default\">Das Levante House ist Ihre 4-Sterne-Residenz direkt am Meer in San Benedetto del Tronto: Freiheit und Komfort vereinen sich in einzigartiger Lage. Hier ist das Meer nur wenige Schritte entfernt, und jeder Tag duftet nach Strand, Spazierg\u00e4ngen und Entspannung. Gestalten Sie Ihren Urlaub ganz nach Ihren W\u00fcnschen: mehr Raum, mehr Privatsph\u00e4re, mehr Wohlbefinden.<\/p>\t\t\t\t<\/div>\n\t\t\t\t<div class=\"elementor-element elementor-element-dd6b46d elementor-align-left elementor-widget elementor-widget-button\" data-id=\"dd6b46d\" data-element_type=\"widget\" data-e-type=\"widget\" data-widget_type=\"button.default\">\n\t\t\t\t\t\t\t\t\t\t<a class=\"elementor-button elementor-button-link elementor-size-sm\" href=\"http:\/\/levantehouse.it\/\" target=\"_blank\" rel=\"nofollow noopener\">\n\t\t\t\t\t\t<span class=\"elementor-button-content-wrapper\">\n\t\t\t\t\t\t\t\t\t<span class=\"elementor-button-text\">Besuchen Sie das Levante-Haus<\/span>\n\t\t\t\t\t<\/span>\n\t\t\t\t\t<\/a>\n\t\t\t\t\t\t\t\t<\/div>\n\t\t\t\t<\/div>\n\t\t<a class=\"elementor-element elementor-element-2838f72 e-con-full animated-slow e-flex elementor-invisible e-con e-child\" data-id=\"2838f72\" data-element_type=\"container\" data-e-type=\"container\" data-settings=\"{&quot;background_background&quot;:&quot;classic&quot;,&quot;background_motion_fx_motion_fx_scrolling&quot;:&quot;yes&quot;,&quot;animation&quot;:&quot;fadeInRight&quot;,&quot;background_motion_fx_devices&quot;:[&quot;desktop&quot;,&quot;tablet&quot;,&quot;mobile&quot;]}\">\n\t\t<div class=\"elementor-element elementor-element-0787436 e-con-full e-flex e-con e-child\" data-id=\"0787436\" data-element_type=\"container\" data-e-type=\"container\" data-settings=\"{&quot;background_background&quot;:&quot;classic&quot;}\">\n\t\t\t\t<div class=\"elementor-element elementor-element-d61459d elementor-widget elementor-widget-heading\" data-id=\"d61459d\" data-element_type=\"widget\" data-e-type=\"widget\" data-widget_type=\"heading.default\">\n\t\t\t\t\t<h2 class=\"elementor-heading-title elementor-size-default\">Levante House<\/h2>\t\t\t\t<\/div>\n\t\t\t\t<div class=\"elementor-element elementor-element-b10071e elementor-widget elementor-widget-heading\" data-id=\"b10071e\" data-element_type=\"widget\" data-e-type=\"widget\" data-widget_type=\"heading.default\">\n\t\t\t\t\t<div class=\"elementor-heading-title elementor-size-default\">Ihre Residenz am Meer<\/div>\t\t\t\t<\/div>\n\t\t\t\t<\/div>\n\t\t\t\t<\/a>\n\t\t\t\t<\/div>\n\t\t\t\t<\/div>\n\t\t","protected":false},"excerpt":{"rendered":"<p>Bike Experience Wo Radfahren auf Eleganz trifft Pedale mit Stil Es gibt Reisen, die mehr verdienen als nur ein Reiseziel. Unser Bike Hotel wurde f\u00fcr alle geschaffen, die jede Radtour mit Stil genie\u00dfen m\u00f6chten \u2013 inmitten von Landschaften, die es zu entdecken gilt, Stra\u00dfen, die es zu befahren gilt, und der Freude, in ein elegantes [&hellip;]<\/p>\n","protected":false},"author":1,"featured_media":0,"parent":0,"menu_order":0,"comment_status":"closed","ping_status":"closed","template":"","meta":{"footnotes":""},"class_list":["post-2808","page","type-page","status-publish","hentry"],"_links":{"self":[{"href":"https:\/\/www.hotelimperial.it\/de\/wp-json\/wp\/v2\/pages\/2808","targetHints":{"allow":["GET"]}}],"collection":[{"href":"https:\/\/www.hotelimperial.it\/de\/wp-json\/wp\/v2\/pages"}],"about":[{"href":"https:\/\/www.hotelimperial.it\/de\/wp-json\/wp\/v2\/types\/page"}],"author":[{"embeddable":true,"href":"https:\/\/www.hotelimperial.it\/de\/wp-json\/wp\/v2\/users\/1"}],"replies":[{"embeddable":true,"href":"https:\/\/www.hotelimperial.it\/de\/wp-json\/wp\/v2\/comments?post=2808"}],"version-history":[{"count":4,"href":"https:\/\/www.hotelimperial.it\/de\/wp-json\/wp\/v2\/pages\/2808\/revisions"}],"predecessor-version":[{"id":3037,"href":"https:\/\/www.hotelimperial.it\/de\/wp-json\/wp\/v2\/pages\/2808\/revisions\/3037"}],"wp:attachment":[{"href":"https:\/\/www.hotelimperial.it\/de\/wp-json\/wp\/v2\/media?parent=2808"}],"curies":[{"name":"wp","href":"https:\/\/api.w.org\/{rel}","templated":true}]}}