{"id":2812,"date":"2026-02-20T12:34:29","date_gmt":"2026-02-20T11:34:29","guid":{"rendered":"https:\/\/www.hotelimperial.it\/animation\/"},"modified":"2026-04-20T16:58:32","modified_gmt":"2026-04-20T14:58:32","slug":"animation","status":"publish","type":"page","link":"https:\/\/www.hotelimperial.it\/de\/animation\/","title":{"rendered":"Animation"},"content":{"rendered":"\t\t<div data-elementor-type=\"wp-page\" data-elementor-id=\"2812\" class=\"elementor elementor-2812 elementor-1246\" data-elementor-post-type=\"page\">\n\t\t\t\t<div class=\"elementor-element elementor-element-b992831 e-flex e-con-boxed e-con e-parent\" data-id=\"b992831\" data-element_type=\"container\" data-e-type=\"container\" data-settings=\"{&quot;background_background&quot;:&quot;classic&quot;}\">\n\t\t\t\t\t<div class=\"e-con-inner\">\n\t\t\t\t<div class=\"elementor-element elementor-element-346546a elementor-widget elementor-widget-heading\" data-id=\"346546a\" data-element_type=\"widget\" data-e-type=\"widget\" data-widget_type=\"heading.default\">\n\t\t\t\t\t<h1 class=\"elementor-heading-title elementor-size-default\">Unsere Animation<\/h1>\t\t\t\t<\/div>\n\t\t\t\t<div class=\"elementor-element elementor-element-6828261 elementor-widget elementor-widget-heading\" data-id=\"6828261\" data-element_type=\"widget\" data-e-type=\"widget\" data-widget_type=\"heading.default\">\n\t\t\t\t\t<h2 class=\"elementor-heading-title elementor-size-default\">F\u00fcr alle G\u00e4ste<\/h2>\t\t\t\t<\/div>\n\t\t\t\t\t<\/div>\n\t\t\t\t<\/div>\n\t\t<div class=\"elementor-element elementor-element-04cf89a e-flex e-con-boxed e-con e-parent\" data-id=\"04cf89a\" data-element_type=\"container\" data-e-type=\"container\">\n\t\t\t\t\t<div class=\"e-con-inner\">\n\t\t<div class=\"elementor-element elementor-element-2454427 e-con-full e-flex e-con e-child\" data-id=\"2454427\" data-element_type=\"container\" data-e-type=\"container\">\n\t\t\t\t<div class=\"elementor-element elementor-element-4b9bf05 elementor-widget elementor-widget-heading\" data-id=\"4b9bf05\" data-element_type=\"widget\" data-e-type=\"widget\" data-widget_type=\"heading.default\">\n\t\t\t\t\t<h2 class=\"elementor-heading-title elementor-size-default\">Die Welt der Kleinen... und nicht nur...<\/h2>\t\t\t\t<\/div>\n\t\t\t\t<div class=\"elementor-element elementor-element-9dcb72e elementor-widget__width-initial elementor-widget elementor-widget-text-editor\" data-id=\"9dcb72e\" data-element_type=\"widget\" data-e-type=\"widget\" data-widget_type=\"text-editor.default\">\n\t\t\t\t\t\t\t\t\t<p>Im Hotel Imperial erleben Kinder von 3 bis 12 Jahren jeden Tag als Abenteuer. Unser Mini Club findet in eigens daf\u00fcr vorgesehenen Bereichen des Hotels und im Beach Club in einer sicheren und gut organisierten Umgebung unter der Aufsicht von qualifiziertem und aufmerksamem Personal statt. Zwischen Strandspielen, kreativen Workshops, Gruppenaktivit\u00e4ten und dem unvergesslichen Baby-Tanz am Abend k\u00f6nnen unsere kleinen G\u00e4ste Kontakte kn\u00fcpfen, Spa\u00df haben und unvergessliche Erinnerungen sammeln, w\u00e4hrend ihre Eltern sich vollkommen entspannen.<\/p>\n\t\t\t\t\t\t\t\t<\/div>\n\t\t\t\t<\/div>\n\t\t\t\t\t<\/div>\n\t\t\t\t<\/div>\n\t\t<div class=\"elementor-element elementor-element-3efd182 e-con-full e-flex e-con e-parent\" data-id=\"3efd182\" data-element_type=\"container\" data-e-type=\"container\">\n\t\t<div class=\"elementor-element elementor-element-dfbd3c6 e-con-full e-flex e-con e-child\" data-id=\"dfbd3c6\" data-element_type=\"container\" data-e-type=\"container\" data-settings=\"{&quot;background_background&quot;:&quot;slideshow&quot;,&quot;background_slideshow_gallery&quot;:[{&quot;id&quot;:2713,&quot;url&quot;:&quot;https:\\\/\\\/www.hotelimperial.it\\\/wp-content\\\/uploads\\\/2026\\\/02\\\/animazione-imperial-2.jpg&quot;},{&quot;id&quot;:2678,&quot;url&quot;:&quot;https:\\\/\\\/www.hotelimperial.it\\\/wp-content\\\/uploads\\\/2026\\\/02\\\/spiaggia4.jpg&quot;},{&quot;id&quot;:2773,&quot;url&quot;:&quot;https:\\\/\\\/www.hotelimperial.it\\\/wp-content\\\/uploads\\\/2026\\\/02\\\/spiaggia21.jpg&quot;}],&quot;background_slideshow_loop&quot;:&quot;yes&quot;,&quot;background_slideshow_slide_duration&quot;:5000,&quot;background_slideshow_slide_transition&quot;:&quot;fade&quot;,&quot;background_slideshow_transition_duration&quot;:500}\">\n\t\t\t\t<\/div>\n\t\t<div class=\"elementor-element elementor-element-181e9d9 e-con-full e-flex e-con e-child\" data-id=\"181e9d9\" data-element_type=\"container\" data-e-type=\"container\">\n\t\t\t\t<div class=\"elementor-element elementor-element-29854be elementor-widget elementor-widget-heading\" data-id=\"29854be\" data-element_type=\"widget\" data-e-type=\"widget\" data-widget_type=\"heading.default\">\n\t\t\t\t\t<h3 class=\"elementor-heading-title elementor-size-default\">Ein reichhaltiges und dynamisches Programm<\/h3>\t\t\t\t<\/div>\n\t\t\t\t<div class=\"elementor-element elementor-element-1b02aec elementor-widget__width-initial elementor-widget elementor-widget-text-editor\" data-id=\"1b02aec\" data-element_type=\"widget\" data-e-type=\"widget\" data-widget_type=\"text-editor.default\">\n\t\t\t\t\t\t\t\t\t<div>\r\n<div>\r\n<div>\r\n<h5>\u2600 Guten Morgen<\/h5>\r\n<\/div><br><div>\r\n\r\n9:15 Uhr \u2013 Strandaktivit\u00e4ten beginnen mit einem \u201eGuten Morgen\u201c\r\n9:30 Uhr \/ 10:00 Uhr \u2013 Muskelaufbau\r\n10:00 Uhr \/ 12:00 Uhr \u2013 Miniclub\r\n10:30 Uhr \u2013 Strandspiele, Veranstaltungen und Reservierungen f\u00fcr Nachmittagsaktivit\u00e4ten\r\n11:00 Uhr \/ 11:45 Uhr \u2013 Wassergymnastik und Gruppentanz\r\n12:00 Uhr \u2013 Aktivit\u00e4ten und mehr\r\n\r\n<\/div><br><\/div><br><\/div>\t\t\t\t\t\t\t\t<\/div>\n\t\t\t\t<div class=\"elementor-element elementor-element-162e9a1 elementor-widget__width-initial elementor-widget elementor-widget-text-editor\" data-id=\"162e9a1\" data-element_type=\"widget\" data-e-type=\"widget\" data-widget_type=\"text-editor.default\">\n\t\t\t\t\t\t\t\t\t<div>\n<h5>\ud83c\udf0a Nachmittag<\/h5>\n<\/div>\n<div>\n<p>16:00 \/ 18:00 Uhr \u2013 Kinder spielen<br \/>16:30 \/ 18:30 Uhr \u2013 Sportturniere<br \/><span style=\"font-family: -apple-system, BlinkMacSystemFont, 'Segoe UI', Roboto, 'Helvetica Neue', Arial, 'Noto Sans', sans-serif, 'Apple Color Emoji', 'Segoe UI Emoji', 'Segoe UI Symbol', 'Noto Color Emoji';\">\u2728 Abend<\/span><\/p>\n<\/div>\n<div>\n<p>21:15 \/ 22:00 Uhr \u2013 Babytanz im Hotel<\/p>\n<\/div>\n\t\t\t\t\t\t\t\t<\/div>\n\t\t\t\t<div class=\"elementor-element elementor-element-ce52306 elementor-widget__width-initial elementor-widget elementor-widget-text-editor\" data-id=\"ce52306\" data-element_type=\"widget\" data-e-type=\"widget\" data-widget_type=\"text-editor.default\">\n\t\t\t\t\t\t\t\t\t<div>\n<div>\n<h5>\ud83e\uddd8\u200d\u2640\ufe0f Montag, Mittwoch, Freitag\u00a0<\/h5>\n<\/div>\n<div>\n<p>18:00 Uhr \/ 19:30 Uhr \u2013 Yoga am Strand<\/p>\n<\/div>\n<\/div>\n\t\t\t\t\t\t\t\t<\/div>\n\t\t\t\t<div class=\"elementor-element elementor-element-1b012c6 elementor-widget__width-initial elementor-widget elementor-widget-text-editor\" data-id=\"1b012c6\" data-element_type=\"widget\" data-e-type=\"widget\" data-widget_type=\"text-editor.default\">\n\t\t\t\t\t\t\t\t\t<p>Alle Aktivit\u00e4ten werden stets professionell und sorgf\u00e4ltig \u00fcberwacht.<\/p>\n\t\t\t\t\t\t\t\t<\/div>\n\t\t\t\t<\/div>\n\t\t\t\t<\/div>\n\t\t<div class=\"elementor-element elementor-element-5149848 e-con-full e-flex e-con e-parent\" data-id=\"5149848\" data-element_type=\"container\" data-e-type=\"container\">\n\t\t<div class=\"elementor-element elementor-element-34a2e35 e-con-full e-flex e-con e-child\" data-id=\"34a2e35\" data-element_type=\"container\" data-e-type=\"container\" data-settings=\"{&quot;background_background&quot;:&quot;slideshow&quot;,&quot;background_slideshow_gallery&quot;:[{&quot;id&quot;:2811,&quot;url&quot;:&quot;https:\\\/\\\/www.hotelimperial.it\\\/wp-content\\\/uploads\\\/2026\\\/02\\\/Animazine1.jpg&quot;},{&quot;id&quot;:2714,&quot;url&quot;:&quot;https:\\\/\\\/www.hotelimperial.it\\\/wp-content\\\/uploads\\\/2026\\\/02\\\/animazione-imperial-3.jpg&quot;},{&quot;id&quot;:2712,&quot;url&quot;:&quot;https:\\\/\\\/www.hotelimperial.it\\\/wp-content\\\/uploads\\\/2026\\\/02\\\/animazione-imperial-1.jpg&quot;}],&quot;background_slideshow_loop&quot;:&quot;yes&quot;,&quot;background_slideshow_slide_duration&quot;:5000,&quot;background_slideshow_slide_transition&quot;:&quot;fade&quot;,&quot;background_slideshow_transition_duration&quot;:500}\">\n\t\t\t\t<\/div>\n\t\t<div class=\"elementor-element elementor-element-3431b08 e-con-full e-flex e-con e-child\" data-id=\"3431b08\" data-element_type=\"container\" data-e-type=\"container\">\n\t\t\t\t<div class=\"elementor-element elementor-element-d76f0d1 elementor-widget elementor-widget-heading\" data-id=\"d76f0d1\" data-element_type=\"widget\" data-e-type=\"widget\" data-widget_type=\"heading.default\">\n\t\t\t\t\t<h3 class=\"elementor-heading-title elementor-size-default\">Aktivit\u00e4ten f\u00fcr Erwachsene<\/h3>\t\t\t\t<\/div>\n\t\t\t\t<div class=\"elementor-element elementor-element-8d07bdd elementor-widget__width-initial elementor-widget elementor-widget-text-editor\" data-id=\"8d07bdd\" data-element_type=\"widget\" data-e-type=\"widget\" data-widget_type=\"text-editor.default\">\n\t\t\t\t\t\t\t\t\t<div>\n<div>\n<div>\n<h3>Bewegung, Energie und Geselligkeit<\/h3>\n<\/div>\n<\/div>\n<div>\n<div>\n<p>Der Urlaub ist auch die ideale Zeit, um sich etwas Gutes zu tun. Deshalb bieten wir speziell f\u00fcr \u00e4ltere G\u00e4ste entwickelte Aktivit\u00e4ten an, die <strong>Wohlbefinden und Geselligkeit<\/strong> verbinden.<\/p>\n<\/div>\n<div>\n<p>Das morgendliche <strong>Muskel-Weckprogramm<\/strong> wird von <strong>geschultem Personal<\/strong> geleitet und beinhaltet gezielte <strong>Dehn\u00fcbungen, Gelenkmobilisations\u00fcbungen und sanfte Kr\u00e4ftigungs\u00fcbungen<\/strong>, um Ihnen einen ausgeglichenen und energiegeladenen Start in den Tag zu erm\u00f6glichen.<\/p>\n<\/div>\n<div>\n<p>Ein anregendes, aber <strong>niemals aufdringliches<\/strong> Programm, das Ihnen die Freiheit l\u00e4sst, Ihren Urlaub ganz nach Ihren W\u00fcnschen zu gestalten.<\/p>\n<\/div>\n<div>\n<p>Im Hotel Imperial findet jeder Gast seinen eigenen Rhythmus.<\/p>\n<\/div>\n<\/div>\n<\/div>\n\t\t\t\t\t\t\t\t<\/div>\n\t\t\t\t<\/div>\n\t\t\t\t<\/div>\n\t\t<div class=\"elementor-element elementor-element-765cfa6 e-con-full e-flex e-con e-parent\" data-id=\"765cfa6\" data-element_type=\"container\" data-e-type=\"container\">\n\t\t<div class=\"elementor-element elementor-element-7f1b973 e-con-full e-flex e-con e-child\" data-id=\"7f1b973\" data-element_type=\"container\" data-e-type=\"container\" data-settings=\"{&quot;background_background&quot;:&quot;classic&quot;}\">\n\t\t\t\t<\/div>\n\t\t<div class=\"elementor-element elementor-element-3269fda e-con-full e-flex e-con e-child\" data-id=\"3269fda\" data-element_type=\"container\" data-e-type=\"container\">\n\t\t\t\t<div class=\"elementor-element elementor-element-95ab114 elementor-widget elementor-widget-heading\" data-id=\"95ab114\" data-element_type=\"widget\" data-e-type=\"widget\" data-widget_type=\"heading.default\">\n\t\t\t\t\t<h3 class=\"elementor-heading-title elementor-size-default\">Entspannung und Spa\u00df f\u00fcr alle<\/h3>\t\t\t\t<\/div>\n\t\t<div class=\"elementor-element elementor-element-2868c0d e-con-full e-flex e-con e-child\" data-id=\"2868c0d\" data-element_type=\"container\" data-e-type=\"container\">\n\t\t<div class=\"elementor-element elementor-element-d79d3f5 e-con-full e-flex e-con e-child\" data-id=\"d79d3f5\" data-element_type=\"container\" data-e-type=\"container\">\n\t\t<div class=\"elementor-element elementor-element-3fee1b3 e-grid e-con-full e-con e-child\" data-id=\"3fee1b3\" data-element_type=\"container\" data-e-type=\"container\">\n\t\t\t\t<div class=\"elementor-element elementor-element-67b117a elementor-position-inline-start elementor-widget-mobile__width-initial elementor-view-default elementor-mobile-position-block-start elementor-widget elementor-widget-icon-box\" data-id=\"67b117a\" data-element_type=\"widget\" data-e-type=\"widget\" data-widget_type=\"icon-box.default\">\n\t\t\t\t\t\t\t<div class=\"elementor-icon-box-wrapper\">\n\n\t\t\t\t\t\t<div class=\"elementor-icon-box-icon\">\n\t\t\t\t<span  class=\"elementor-icon\">\n\t\t\t\t<svg aria-hidden=\"true\" class=\"e-font-icon-svg e-fas-theater-masks\" viewBox=\"0 0 640 512\" xmlns=\"http:\/\/www.w3.org\/2000\/svg\"><path d=\"M206.86 245.15c-35.88 10.45-59.95 41.2-57.53 74.1 11.4-12.72 28.81-23.7 49.9-30.92l7.63-43.18zM95.81 295L64.08 115.49c-.29-1.62.28-2.62.24-2.65 57.76-32.06 123.12-49.01 189.01-49.01 1.61 0 3.23.17 4.85.19 13.95-13.47 31.73-22.83 51.59-26 18.89-3.02 38.05-4.55 57.18-5.32-9.99-13.95-24.48-24.23-41.77-27C301.27 1.89 277.24 0 253.32 0 176.66 0 101.02 19.42 33.2 57.06 9.03 70.48-3.92 98.48 1.05 126.58l31.73 179.51c14.23 80.52 136.33 142.08 204.45 142.08 3.59 0 6.75-.46 10.01-.8-13.52-17.08-28.94-40.48-39.5-67.58-47.61-12.98-106.06-51.62-111.93-84.79zm97.55-137.46c-.73-4.12-2.23-7.87-4.07-11.4-8.25 8.91-20.67 15.75-35.32 18.32-14.65 2.58-28.67.4-39.48-5.17-.52 3.94-.64 7.98.09 12.1 3.84 21.7 24.58 36.19 46.34 32.37 21.75-3.82 36.28-24.52 32.44-46.22zM606.8 120.9c-88.98-49.38-191.43-67.41-291.98-51.35-27.31 4.36-49.08 26.26-54.04 54.36l-31.73 179.51c-15.39 87.05 95.28 196.27 158.31 207.35 63.03 11.09 204.47-53.79 219.86-140.84l31.73-179.51c4.97-28.11-7.98-56.11-32.15-69.52zm-273.24 96.8c3.84-21.7 24.58-36.19 46.34-32.36 21.76 3.83 36.28 24.52 32.45 46.22-.73 4.12-2.23 7.87-4.07 11.4-8.25-8.91-20.67-15.75-35.32-18.32-14.65-2.58-28.67-.4-39.48 5.17-.53-3.95-.65-7.99.08-12.11zm70.47 198.76c-55.68-9.79-93.52-59.27-89.04-112.9 20.6 25.54 56.21 46.17 99.49 53.78 43.28 7.61 83.82.37 111.93-16.6-14.18 51.94-66.71 85.51-122.38 75.72zm130.3-151.34c-8.25-8.91-20.68-15.75-35.33-18.32-14.65-2.58-28.67-.4-39.48 5.17-.52-3.94-.64-7.98.09-12.1 3.84-21.7 24.58-36.19 46.34-32.37 21.75 3.83 36.28 24.52 32.45 46.22-.73 4.13-2.23 7.88-4.07 11.4z\"><\/path><\/svg>\t\t\t\t<\/span>\n\t\t\t<\/div>\n\t\t\t\n\t\t\t\t\t\t<div class=\"elementor-icon-box-content\">\n\n\t\t\t\t\t\t\t\t\t<h3 class=\"elementor-icon-box-title\">\n\t\t\t\t\t\t<span  >\n\t\t\t\t\t\t\tAnimation\t\t\t\t\t\t<\/span>\n\t\t\t\t\t<\/h3>\n\t\t\t\t\n\t\t\t\t\t\t\t\t\t<p class=\"elementor-icon-box-description\">\n\t\t\t\t\t\tDiskrete Unterhaltung f\u00fcr Erwachsene und ein Mini-Club f\u00fcr Kinder: Spa\u00df f\u00fcr die Kleinen, Entspannung f\u00fcr Sie.\t\t\t\t\t<\/p>\n\t\t\t\t\n\t\t\t<\/div>\n\t\t\t\n\t\t<\/div>\n\t\t\t\t\t\t<\/div>\n\t\t\t\t<div class=\"elementor-element elementor-element-9a1c867 elementor-position-inline-start elementor-widget-mobile__width-initial elementor-view-default elementor-mobile-position-block-start elementor-widget elementor-widget-icon-box\" data-id=\"9a1c867\" data-element_type=\"widget\" data-e-type=\"widget\" data-widget_type=\"icon-box.default\">\n\t\t\t\t\t\t\t<div class=\"elementor-icon-box-wrapper\">\n\n\t\t\t\t\t\t<div class=\"elementor-icon-box-icon\">\n\t\t\t\t<span  class=\"elementor-icon\">\n\t\t\t\t<svg aria-hidden=\"true\" class=\"e-font-icon-svg e-fas-umbrella-beach\" viewBox=\"0 0 640 512\" xmlns=\"http:\/\/www.w3.org\/2000\/svg\"><path d=\"M115.38 136.9l102.11 37.18c35.19-81.54 86.21-144.29 139-173.7-95.88-4.89-188.78 36.96-248.53 111.8-6.69 8.4-2.66 21.05 7.42 24.72zm132.25 48.16l238.48 86.83c35.76-121.38 18.7-231.66-42.63-253.98-7.4-2.7-15.13-4-23.09-4-58.02.01-128.27 69.17-172.76 171.15zM521.48 60.5c6.22 16.3 10.83 34.6 13.2 55.19 5.74 49.89-1.42 108.23-18.95 166.98l102.62 37.36c10.09 3.67 21.31-3.43 21.57-14.17 2.32-95.69-41.91-187.44-118.44-245.36zM560 447.98H321.06L386 269.5l-60.14-21.9-72.9 200.37H16c-8.84 0-16 7.16-16 16.01v32.01C0 504.83 7.16 512 16 512h544c8.84 0 16-7.17 16-16.01v-32.01c0-8.84-7.16-16-16-16z\"><\/path><\/svg>\t\t\t\t<\/span>\n\t\t\t<\/div>\n\t\t\t\n\t\t\t\t\t\t<div class=\"elementor-icon-box-content\">\n\n\t\t\t\t\t\t\t\t\t<h3 class=\"elementor-icon-box-title\">\n\t\t\t\t\t\t<span  >\n\t\t\t\t\t\t\tStrandservice\t\t\t\t\t\t<\/span>\n\t\t\t\t\t<\/h3>\n\t\t\t\t\n\t\t\t\t\t\t\t\t\t<p class=\"elementor-icon-box-description\">\n\t\t\t\t\t\tDer feine Sand und der sanft abfallende Meeresboden machen den Strand auch f\u00fcr Familien perfekt.\t\t\t\t\t<\/p>\n\t\t\t\t\n\t\t\t<\/div>\n\t\t\t\n\t\t<\/div>\n\t\t\t\t\t\t<\/div>\n\t\t\t\t<div class=\"elementor-element elementor-element-d8a1a37 elementor-position-inline-start elementor-view-default elementor-mobile-position-block-start elementor-widget elementor-widget-icon-box\" data-id=\"d8a1a37\" data-element_type=\"widget\" data-e-type=\"widget\" data-widget_type=\"icon-box.default\">\n\t\t\t\t\t\t\t<div class=\"elementor-icon-box-wrapper\">\n\n\t\t\t\t\t\t<div class=\"elementor-icon-box-icon\">\n\t\t\t\t<span  class=\"elementor-icon\">\n\t\t\t\t<svg aria-hidden=\"true\" class=\"e-font-icon-svg e-fas-cocktail\" viewBox=\"0 0 576 512\" xmlns=\"http:\/\/www.w3.org\/2000\/svg\"><path d=\"M296 464h-56V338.78l168.74-168.73c15.52-15.52 4.53-42.05-17.42-42.05H24.68c-21.95 0-32.94 26.53-17.42 42.05L176 338.78V464h-56c-22.09 0-40 17.91-40 40 0 4.42 3.58 8 8 8h240c4.42 0 8-3.58 8-8 0-22.09-17.91-40-40-40zM432 0c-62.61 0-115.35 40.2-135.18 96h52.54c16.65-28.55 47.27-48 82.64-48 52.93 0 96 43.06 96 96s-43.07 96-96 96c-14.04 0-27.29-3.2-39.32-8.64l-35.26 35.26C379.23 279.92 404.59 288 432 288c79.53 0 144-64.47 144-144S511.53 0 432 0z\"><\/path><\/svg>\t\t\t\t<\/span>\n\t\t\t<\/div>\n\t\t\t\n\t\t\t\t\t\t<div class=\"elementor-icon-box-content\">\n\n\t\t\t\t\t\t\t\t\t<h3 class=\"elementor-icon-box-title\">\n\t\t\t\t\t\t<span  >\n\t\t\t\t\t\t\tBar \t\t\t\t\t\t<\/span>\n\t\t\t\t\t<\/h3>\n\t\t\t\t\n\t\t\t\t\t\t\t\t\t<p class=\"elementor-icon-box-description\">\n\t\t\t\t\t\tWenn Sie eine Pause brauchen, erwartet Sie die Bar des Lokals mit Kaffee, Eis und Snacks.\t\t\t\t\t<\/p>\n\t\t\t\t\n\t\t\t<\/div>\n\t\t\t\n\t\t<\/div>\n\t\t\t\t\t\t<\/div>\n\t\t\t\t<div class=\"elementor-element elementor-element-c820397 elementor-position-inline-start elementor-view-default elementor-mobile-position-block-start elementor-widget elementor-widget-icon-box\" data-id=\"c820397\" data-element_type=\"widget\" data-e-type=\"widget\" data-widget_type=\"icon-box.default\">\n\t\t\t\t\t\t\t<div class=\"elementor-icon-box-wrapper\">\n\n\t\t\t\t\t\t<div class=\"elementor-icon-box-icon\">\n\t\t\t\t<span  class=\"elementor-icon\">\n\t\t\t\t<svg aria-hidden=\"true\" class=\"e-font-icon-svg e-fas-wifi\" viewBox=\"0 0 640 512\" xmlns=\"http:\/\/www.w3.org\/2000\/svg\"><path d=\"M634.91 154.88C457.74-8.99 182.19-8.93 5.09 154.88c-6.66 6.16-6.79 16.59-.35 22.98l34.24 33.97c6.14 6.1 16.02 6.23 22.4.38 145.92-133.68 371.3-133.71 517.25 0 6.38 5.85 16.26 5.71 22.4-.38l34.24-33.97c6.43-6.39 6.3-16.82-.36-22.98zM320 352c-35.35 0-64 28.65-64 64s28.65 64 64 64 64-28.65 64-64-28.65-64-64-64zm202.67-83.59c-115.26-101.93-290.21-101.82-405.34 0-6.9 6.1-7.12 16.69-.57 23.15l34.44 33.99c6 5.92 15.66 6.32 22.05.8 83.95-72.57 209.74-72.41 293.49 0 6.39 5.52 16.05 5.13 22.05-.8l34.44-33.99c6.56-6.46 6.33-17.06-.56-23.15z\"><\/path><\/svg>\t\t\t\t<\/span>\n\t\t\t<\/div>\n\t\t\t\n\t\t\t\t\t\t<div class=\"elementor-icon-box-content\">\n\n\t\t\t\t\t\t\t\t\t<h3 class=\"elementor-icon-box-title\">\n\t\t\t\t\t\t<span  >\n\t\t\t\t\t\t\tRestaurant\t\t\t\t\t\t<\/span>\n\t\t\t\t\t<\/h3>\n\t\t\t\t\n\t\t\t\t\t\t\t\t\t<p class=\"elementor-icon-box-description\">\n\t\t\t\t\t\tVom herzhaften Fr\u00fchst\u00fcck \u00fcber ein k\u00f6stliches Mittagessen bis hin zum traditionellen Abendessen \u2013 unser K\u00fcchenchef und sein Team werden Sie begeistern.\t\t\t\t\t<\/p>\n\t\t\t\t\n\t\t\t<\/div>\n\t\t\t\n\t\t<\/div>\n\t\t\t\t\t\t<\/div>\n\t\t\t\t<\/div>\n\t\t\t\t<\/div>\n\t\t\t\t<\/div>\n\t\t\t\t<\/div>\n\t\t\t\t<\/div>\n\t\t\t\t<\/div>\n\t\t","protected":false},"excerpt":{"rendered":"<p>Unsere Animation F\u00fcr alle G\u00e4ste Die Welt der Kleinen&#8230; und nicht nur&#8230; Im Hotel Imperial erleben Kinder von 3 bis 12 Jahren jeden Tag als Abenteuer. Unser Mini Club findet in eigens daf\u00fcr vorgesehenen Bereichen des Hotels und im Beach Club in einer sicheren und gut organisierten Umgebung unter der Aufsicht von qualifiziertem und aufmerksamem [&hellip;]<\/p>\n","protected":false},"author":1,"featured_media":0,"parent":0,"menu_order":0,"comment_status":"closed","ping_status":"closed","template":"","meta":{"footnotes":""},"class_list":["post-2812","page","type-page","status-publish","hentry"],"_links":{"self":[{"href":"https:\/\/www.hotelimperial.it\/de\/wp-json\/wp\/v2\/pages\/2812","targetHints":{"allow":["GET"]}}],"collection":[{"href":"https:\/\/www.hotelimperial.it\/de\/wp-json\/wp\/v2\/pages"}],"about":[{"href":"https:\/\/www.hotelimperial.it\/de\/wp-json\/wp\/v2\/types\/page"}],"author":[{"embeddable":true,"href":"https:\/\/www.hotelimperial.it\/de\/wp-json\/wp\/v2\/users\/1"}],"replies":[{"embeddable":true,"href":"https:\/\/www.hotelimperial.it\/de\/wp-json\/wp\/v2\/comments?post=2812"}],"version-history":[{"count":2,"href":"https:\/\/www.hotelimperial.it\/de\/wp-json\/wp\/v2\/pages\/2812\/revisions"}],"predecessor-version":[{"id":3039,"href":"https:\/\/www.hotelimperial.it\/de\/wp-json\/wp\/v2\/pages\/2812\/revisions\/3039"}],"wp:attachment":[{"href":"https:\/\/www.hotelimperial.it\/de\/wp-json\/wp\/v2\/media?parent=2812"}],"curies":[{"name":"wp","href":"https:\/\/api.w.org\/{rel}","templated":true}]}}