{"id":434,"date":"2013-05-05T08:25:03","date_gmt":"2013-05-05T08:25:03","guid":{"rendered":"http:\/\/www.hotelimperial.it\/de\/?page_id=434"},"modified":"2013-05-05T10:27:55","modified_gmt":"2013-05-05T10:27:55","slug":"imperial-beach","status":"publish","type":"page","link":"https:\/\/www.hotelimperial.it\/de\/imperial-beach","title":{"rendered":"IMPERIAL BEACH"},"content":{"rendered":"<h2>Wo sich Rhytmus und Leidenschaft mit dem Duft des Meers zusammenschlie\u00dfen.<\/h2>\n<p>&nbsp;<\/p>\n<p><strong><em>Im Imperial Beach Caf\u00e9 k\u00f6nnen Sie den ganzen Tag Cocktails und Long Drinks direkt am Strand v<\/em>erkosten.<\/strong><\/p>\n<p>&nbsp;<\/p>\n<p>Imperial Beach ist ein einzigartiges Lokal, wo die Atmosph\u00e4re und die Musik sind gepflegt und faszinierend und wo sich Rhytmus und Leidenschaft mit dem Duft des Meers zusammenschlie\u00dfen.<\/p>\n<p>Die Cocktail Bar befindet sich in eine exclusive Oase unter Fackeln, Kerzen und Sessel nur ein Schritt zum Meer&#8230;<\/p>\n<p>&nbsp;<\/p>\n<h2 style=\"text-align: center\"><strong>Vom 2. Juni jeden Sonntagabend\u00a0\u00a0\u00a0 Aperitif und DJ Set vom 18:00 bis 20:00 Uhr<\/strong><\/h2>\n<p>&nbsp;<\/p>\n<h2 style=\"text-align: center\"><span style=\"text-decoration: underline\">DjSet_________________<\/span><\/h2>\n<h2 style=\"text-align: left\">\u00a0\u00a0\u00a0\u00a0\u00a0\u00a0\u00a0\u00a0\u00a0\u00a0\u00a0\u00a0\u00a0\u00a0\u00a0\u00a0\u00a0\u00a0\u00a0\u00a0\u00a0\u00a0\u00a0\u00a0\u00a0\u00a0\u00a0\u00a0\u00a0\u00a0\u00a0\u00a0\u00a0\u00a0\u00a0\u00a0\u00a0\u00a0\u00a0\u00a0\u00a0\u00a0\u00a0\u00a0\u00a0\u00a0\u00a0\u00a0\u00a0\u00a0\u00a0\u00a0 MOCHI che tu sia<\/h2>\n<h2 style=\"text-align: left\">\u00a0\u00a0\u00a0\u00a0\u00a0\u00a0\u00a0\u00a0\u00a0\u00a0\u00a0\u00a0\u00a0\u00a0\u00a0\u00a0\u00a0\u00a0\u00a0\u00a0\u00a0\u00a0\u00a0\u00a0\u00a0\u00a0\u00a0\u00a0\u00a0\u00a0\u00a0\u00a0\u00a0\u00a0\u00a0\u00a0\u00a0\u00a0\u00a0\u00a0\u00a0\u00a0\u00a0\u00a0\u00a0\u00a0\u00a0\u00a0\u00a0\u00a0\u00a0\u00a0 BENEDETTO<\/h2>\n<p>&nbsp;<\/p>\n<p>&nbsp;<\/p>\n<p>&nbsp;<\/p>\n<p>&nbsp;<\/p>\n","protected":false},"excerpt":{"rendered":"<p>Wo sich Rhytmus und Leidenschaft mit dem Duft des Meers zusammenschlie\u00dfen. &nbsp; Im Imperial Beach Caf\u00e9 k\u00f6nnen Sie den ganzen Tag Cocktails und Long Drinks direkt am Strand verkosten. &nbsp; Imperial Beach ist ein einzigartiges Lokal, wo die Atmosph\u00e4re und die Musik sind gepflegt und faszinierend und wo sich Rhytmus und Leidenschaft mit dem Duft [&hellip;]<\/p>\n","protected":false},"author":2,"featured_media":0,"parent":0,"menu_order":0,"comment_status":"open","ping_status":"open","template":"","meta":{"_acf_changed":false,"footnotes":""},"class_list":["post-434","page","type-page","status-publish","hentry"],"acf":[],"aioseo_notices":[],"_links":{"self":[{"href":"https:\/\/www.hotelimperial.it\/de\/wp-json\/wp\/v2\/pages\/434","targetHints":{"allow":["GET"]}}],"collection":[{"href":"https:\/\/www.hotelimperial.it\/de\/wp-json\/wp\/v2\/pages"}],"about":[{"href":"https:\/\/www.hotelimperial.it\/de\/wp-json\/wp\/v2\/types\/page"}],"author":[{"embeddable":true,"href":"https:\/\/www.hotelimperial.it\/de\/wp-json\/wp\/v2\/users\/2"}],"replies":[{"embeddable":true,"href":"https:\/\/www.hotelimperial.it\/de\/wp-json\/wp\/v2\/comments?post=434"}],"version-history":[{"count":19,"href":"https:\/\/www.hotelimperial.it\/de\/wp-json\/wp\/v2\/pages\/434\/revisions"}],"predecessor-version":[{"id":453,"href":"https:\/\/www.hotelimperial.it\/de\/wp-json\/wp\/v2\/pages\/434\/revisions\/453"}],"wp:attachment":[{"href":"https:\/\/www.hotelimperial.it\/de\/wp-json\/wp\/v2\/media?parent=434"}],"curies":[{"name":"wp","href":"https:\/\/api.w.org\/{rel}","templated":true}]}}