{"id":8,"date":"2012-02-01T10:22:25","date_gmt":"2012-02-01T10:22:25","guid":{"rendered":"http:\/\/www.hotelimperial.it\/?page_id=8"},"modified":"2018-03-27T16:40:46","modified_gmt":"2018-03-27T16:40:46","slug":"hotel","status":"publish","type":"page","link":"https:\/\/www.hotelimperial.it\/de\/hotel","title":{"rendered":"HOTEL"},"content":{"rendered":"<p>Das Hotel liegt in ruhiger Lage, 150 Meter von der herrlichen Strandpromenade von San Benedetto del Tronto, m. 200 vom Kongresszentrum und Multiplex-kino &#8220;PalaRiviera&#8221; und das st\u00e4dtische Schwimmbad, es ist ein modernes komplett renoviertes 4-Sterne-Hotel.<\/p>\n<p>Das ganze Jahr ist das Hotel ge\u00f6ffnet und besticht durch Eleganz und Pflege von internen und externen Details: die gro\u00dfe Empfangshalle, das ger\u00e4umige Esszimmer, gro\u00dfe Terrasse mit einer Bar mit Blick auf das moderne Schwimmbad auch f\u00fcr Kinder, mit Sonnenliegen zur Verf\u00fcgung, der Garten mit Pavillon und Spielplatz, gro\u00dfer Parkplatz und einen Privatstrand.<\/p>\n<p>Das Imperial Hotel, mit der W\u00e4rme und Freundlichkeit der Familienf\u00fchrung, ist der ideale Ort, um mit Zuversicht und im Komfort Sommerferien und gesch\u00e4ftliche Aufenthalte in der Palmenriviera zu verbringen.<\/p>\n<ul>\n<li>4-Sterne Hotel ganzj\u00e4hrig ge\u00f6ffnet;<\/li>\n<li>Das Hotel liegt in ruhiger Lage, 150 Meter von der wundersch\u00f6nen Strandpromenade;<\/li>\n<li>200 Meter vom Kongresszentrum und Multiplex-kino &#8220;PalaRiviera&#8221; und das st\u00e4dtische Schwimmbad entfernt;<\/li>\n<li>Ideales Hotel, um mit Zuversicht und Komfort Sommer-Ferien sowie Gesch\u00e4ftsreisenaufenthalte zu verbringen.<\/li>\n<\/ul>\n","protected":false},"excerpt":{"rendered":"<p>Das Hotel liegt in ruhiger Lage, 150 Meter von der herrlichen Strandpromenade von San Benedetto del Tronto, m. 200 vom Kongresszentrum und Multiplex-kino &#8220;PalaRiviera&#8221; und das st\u00e4dtische Schwimmbad, es ist ein modernes komplett renoviertes 4-Sterne-Hotel. Das ganze Jahr ist das Hotel ge\u00f6ffnet und besticht durch Eleganz und Pflege von internen und externen Details: die gro\u00dfe [&hellip;]<\/p>\n","protected":false},"author":1,"featured_media":0,"parent":0,"menu_order":0,"comment_status":"open","ping_status":"closed","template":"","meta":{"_acf_changed":false,"footnotes":""},"class_list":["post-8","page","type-page","status-publish","hentry"],"acf":[],"aioseo_notices":[],"_links":{"self":[{"href":"https:\/\/www.hotelimperial.it\/de\/wp-json\/wp\/v2\/pages\/8","targetHints":{"allow":["GET"]}}],"collection":[{"href":"https:\/\/www.hotelimperial.it\/de\/wp-json\/wp\/v2\/pages"}],"about":[{"href":"https:\/\/www.hotelimperial.it\/de\/wp-json\/wp\/v2\/types\/page"}],"author":[{"embeddable":true,"href":"https:\/\/www.hotelimperial.it\/de\/wp-json\/wp\/v2\/users\/1"}],"replies":[{"embeddable":true,"href":"https:\/\/www.hotelimperial.it\/de\/wp-json\/wp\/v2\/comments?post=8"}],"version-history":[{"count":10,"href":"https:\/\/www.hotelimperial.it\/de\/wp-json\/wp\/v2\/pages\/8\/revisions"}],"predecessor-version":[{"id":572,"href":"https:\/\/www.hotelimperial.it\/de\/wp-json\/wp\/v2\/pages\/8\/revisions\/572"}],"wp:attachment":[{"href":"https:\/\/www.hotelimperial.it\/de\/wp-json\/wp\/v2\/media?parent=8"}],"curies":[{"name":"wp","href":"https:\/\/api.w.org\/{rel}","templated":true}]}}